{"id":4345,"date":"2023-02-02T16:11:47","date_gmt":"2023-02-02T16:11:47","guid":{"rendered":"https:\/\/amsports.pl\/?post_type=product&#038;p=4345"},"modified":"2024-07-24T13:40:20","modified_gmt":"2024-07-24T13:40:20","slug":"romet-wagant-6-2023-ko","status":"publish","type":"product","link":"https:\/\/amsports.pl\/?product=romet-wagant-6-2023-ko","title":{"rendered":"ROMET WAGANT 6  br\u0105zowo &#8211; czarny"},"content":{"rendered":"<p>Rama Waganta o klasycznym kszta\u0142cie zosta\u0142a wykonana z lekkiego aluminium. Estetyki dodaje wewn\u0119trzne prowadzenie przewod\u00f3w, kt\u00f3re r\u00f3wnie\u017c dzi\u0119ki temu pos\u0142u\u017c\u0105 d\u0142u\u017cej.<\/p>\n<p>Jak co\u015b jest do wszystkiego to jest do niczego. Z pewno\u015bci\u0105 nie w tym przypadku. Wagant to doskona\u0142y kompan na d\u0142ugie jak i kr\u00f3tkie podr\u00f3\u017ce. Posiada widelec amortyzowany SR Suntour\u00a0<span class=\"caps\">NEX<\/span>\u00a0DJ oraz amortyzowan\u0105 sztyc\u0119, kt\u00f3re zdecydowanie podnosz\u0105 poziom komfortu ka\u017cdej przeja\u017cd\u017cki. W Wagancie mamy do wykorzystania 27 prze\u0142o\u017ce\u0144 za spraw\u0105 nap\u0119du Shimano Alivio. Gwarantuje on p\u0142ynn\u0105 zmian\u0119 prze\u0142o\u017ce\u0144 oraz niezawodno\u015b\u0107. Niewa\u017cne jaka jest pogoda, bezpiecze\u0144stwa w czasie jazdy b\u0119d\u0105 strzec hamulce tarczowe Shimano, podobnie jak o\u015bwietlenie, kt\u00f3re zapewni doskona\u0142\u0105 widoczno\u015b\u0107. O\u015bwietli r\u00f3wnie\u017c drog\u0119, je\u015bli trzeba b\u0119dzie jecha\u0107 po zmroku. Waganta wyposa\u017cyli\u015bmy w b\u0142otniki oraz os\u0142on\u0119 nap\u0119du, kt\u00f3re b\u0119d\u0105 niezwykle przydatne w czasie jazdy przy gorszej pogodzie. W seryjnej specyfikacji warty podkre\u015blenia jest regulowany wspornik kierownicy, kt\u00f3ry pozwoli w prosty spos\u00f3b dobra\u0107 wygodn\u0105 pozycj\u0119.<\/p>\n","protected":false},"excerpt":{"rendered":"<p>Romet Wagant to dwa rowery w jednym. U\u017cytkowy, kt\u00f3ry mo\u017ce pos\u0142u\u017cy\u0107 nam za sprz\u0119t do codziennych dojazd\u00f3w, jak i maszyna wyprawowa, kt\u00f3r\u0105 mo\u017cemy obudowa\u0107 w sakwy i inne d\u0142ugodystansowe akcesoria i ruszy\u0107 ku przygodzie.<\/p>\n","protected":false},"featured_media":4347,"comment_status":"open","ping_status":"closed","template":"","meta":{"inline_featured_image":false},"product_cat":[78],"product_tag":[],"_links":{"self":[{"href":"https:\/\/amsports.pl\/index.php?rest_route=\/wp\/v2\/product\/4345"}],"collection":[{"href":"https:\/\/amsports.pl\/index.php?rest_route=\/wp\/v2\/product"}],"about":[{"href":"https:\/\/amsports.pl\/index.php?rest_route=\/wp\/v2\/types\/product"}],"replies":[{"embeddable":true,"href":"https:\/\/amsports.pl\/index.php?rest_route=%2Fwp%2Fv2%2Fcomments&post=4345"}],"wp:featuredmedia":[{"embeddable":true,"href":"https:\/\/amsports.pl\/index.php?rest_route=\/wp\/v2\/media\/4347"}],"wp:attachment":[{"href":"https:\/\/amsports.pl\/index.php?rest_route=%2Fwp%2Fv2%2Fmedia&parent=4345"}],"wp:term":[{"taxonomy":"product_cat","embeddable":true,"href":"https:\/\/amsports.pl\/index.php?rest_route=%2Fwp%2Fv2%2Fproduct_cat&post=4345"},{"taxonomy":"product_tag","embeddable":true,"href":"https:\/\/amsports.pl\/index.php?rest_route=%2Fwp%2Fv2%2Fproduct_tag&post=4345"}],"curies":[{"name":"wp","href":"https:\/\/api.w.org\/{rel}","templated":true}]}}