{"id":4355,"date":"2023-02-03T15:47:31","date_gmt":"2023-02-03T15:47:31","guid":{"rendered":"https:\/\/amsports.pl\/?post_type=product&#038;p=4355"},"modified":"2025-10-17T10:44:17","modified_gmt":"2025-10-17T10:44:17","slug":"romet-gazela-1-bialo-niebieski","status":"publish","type":"product","link":"https:\/\/amsports.pl\/?product=romet-gazela-1-bialo-niebieski","title":{"rendered":"M-BIKE FREEWAY 9200 LADY  champagne"},"content":{"rendered":"<p>a\u0142a naprz\u00f3d! M_Bike Freeway 9200 Lady jest gotowy na drogi i bezdro\u017ca, codzienne trasy i d\u0142u\u017csze wyprawy. To damski rower trekkingowy gotowy na wiele. Ma mocn\u0105 i sztywn\u0105 aluminiow\u0105 ram\u0119 z obni\u017conym przekrokiem, kt\u00f3ra zapewnia wygodn\u0105 wyprostowan\u0105 pozycj\u0119 do jazdy. Na wielu trasach docenisz zwi\u0119kszaj\u0105ce komfort bogate wyposa\u017cenie roweru. Wygod\u0119 poprawiaj\u0105 m.in. przedni amortyzator SR Suntour, regulowany mostek, amortyzowana sztyca czy szerokie opony CST z paskiem odblaskowym. M_Bike Freeway 9200 Lady ma r\u00f3wnie\u017c mocny baga\u017cnik pod sakwy, stopk\u0119, pe\u0142ne b\u0142otniki, os\u0142on\u0119 \u0142a\u0144cucha i o\u015bwietlenie. Jazd\u0119 w zr\u00f3\u017cnicowanym terenie u\u0142atwia szeroki zakres prze\u0142o\u017ce\u0144 nap\u0119du 3 x 8 Shimano. Bezpiecze\u0144stwo zwi\u0119kszaj\u0105 hydrauliczne hamulce tarczowe Shimano, mo\u017cesz polega\u0107 r\u00f3wnie\u017c na mocnych ko\u0142ach Mach1. Szukasz damskiego roweru turystycznego, kt\u00f3ry poradzi sobie tak\u017ce na Twoich codziennych trasach? Dobrze wyposa\u017cony M_Bike Freeway 9200 Lady mo\u017ce by\u0107 w\u0142a\u015bciwym wyborem, przekonaj si\u0119 o tym!<\/p>\n","protected":false},"excerpt":{"rendered":"<p>Uniwersalny damski rower trekkingowy gotowy na codzienne trasy i d\u0142u\u017csze wyprawy. Ma wygodn\u0105 aluminiow\u0105 ram\u0119 i bogate wyposa\u017cenie. Komfort jazdy dodatkowo poprawiaj\u0105 amortyzowany widelec, regulowany mostek i amortyzowana sztyca. Szukasz roweru do dojazd\u00f3w do pracy czy mo\u017ce roweru turystycznego? M_Bike Freeway 9200 Lady sprawdzi si\u0119 na wiele sposob\u00f3w!<\/p>\n","protected":false},"featured_media":6038,"comment_status":"open","ping_status":"closed","template":"","meta":{"inline_featured_image":false},"product_cat":[78],"product_tag":[],"_links":{"self":[{"href":"https:\/\/amsports.pl\/index.php?rest_route=\/wp\/v2\/product\/4355"}],"collection":[{"href":"https:\/\/amsports.pl\/index.php?rest_route=\/wp\/v2\/product"}],"about":[{"href":"https:\/\/amsports.pl\/index.php?rest_route=\/wp\/v2\/types\/product"}],"replies":[{"embeddable":true,"href":"https:\/\/amsports.pl\/index.php?rest_route=%2Fwp%2Fv2%2Fcomments&post=4355"}],"wp:featuredmedia":[{"embeddable":true,"href":"https:\/\/amsports.pl\/index.php?rest_route=\/wp\/v2\/media\/6038"}],"wp:attachment":[{"href":"https:\/\/amsports.pl\/index.php?rest_route=%2Fwp%2Fv2%2Fmedia&parent=4355"}],"wp:term":[{"taxonomy":"product_cat","embeddable":true,"href":"https:\/\/amsports.pl\/index.php?rest_route=%2Fwp%2Fv2%2Fproduct_cat&post=4355"},{"taxonomy":"product_tag","embeddable":true,"href":"https:\/\/amsports.pl\/index.php?rest_route=%2Fwp%2Fv2%2Fproduct_tag&post=4355"}],"curies":[{"name":"wp","href":"https:\/\/api.w.org\/{rel}","templated":true}]}}