{"id":4357,"date":"2023-02-03T15:58:20","date_gmt":"2023-02-03T15:58:20","guid":{"rendered":"https:\/\/amsports.pl\/?post_type=product&#038;p=4357"},"modified":"2025-08-18T11:03:21","modified_gmt":"2025-08-18T11:03:21","slug":"romet-wagant-3-czarno-zloty","status":"publish","type":"product","link":"https:\/\/amsports.pl\/?product=romet-wagant-3-czarno-zloty","title":{"rendered":"ROMET WAGANT 3 szaro &#8211; czarny"},"content":{"rendered":"<p>Rama Waganta o klasycznym kszta\u0142cie zosta\u0142a wykonana z lekkiego aluminium. Estetyki dodaje wewn\u0119trzne prowadzenie przewod\u00f3w, kt\u00f3re r\u00f3wnie\u017c dzi\u0119ki temu pos\u0142u\u017c\u0105 d\u0142u\u017cej.<\/p>\n<p>Wagant jest modelem trekkingowym bez kompromis\u00f3w. To solidna maszyna, kt\u00f3rej specyfikacja jest kompletna. Dzi\u0119ki amortyzatorowi przedniemu SR Suntour M3010 i amortyzowanej sztycy jazda nawet po wyboistej trasie jest wyj\u0105tkowo komfortowa. Pozycja na rowerze jest komfortowa, a jej ustawienie u\u0142atwia regulowany wspornik kierownicy. Gwarancj\u0105 p\u0142ynno\u015bci jazdy jest nap\u0119d legendarnej marki Shimano. Grupa Shimano Acera oferuj\u0105ca 21 bieg\u00f3w to pewno\u015b\u0107 dzia\u0142ania i szeroki zakres prze\u0142o\u017ce\u0144. Ma to kluczowe znaczenie zw\u0142aszcza kiedy teren zacznie robi\u0107 si\u0119 trudniejszy i pojawi\u0105 si\u0119 pierwsze wzniesienia, kt\u00f3re trzeba pokona\u0107. W specyfikacji modelu znajdziemy r\u00f3wnie\u017c mn\u00f3stwo dodatk\u00f3w przydatnych w codziennej eksploatacji jak i podczas ambitniejszych dystans\u00f3w. Solidny baga\u017cnik zdolny przewie\u017a\u0107 naprawd\u0119 du\u017co, komplet b\u0142otnik\u00f3w wraz z przednim i tylnym o\u015bwietleniem. Model wyposa\u017cony zosta\u0142 r\u00f3wnie\u017c w stopk\u0119, kt\u00f3ra u\u0142atwi postoje i odpoczynek.<\/p>\n","protected":false},"excerpt":{"rendered":"<p>Romet Wagant to dwa rowery w jednym. U\u017cytkowy, kt\u00f3ry mo\u017ce pos\u0142u\u017cy\u0107 nam za sprz\u0119t do codziennych dojazd\u00f3w, jak i maszyna wyprawowa, kt\u00f3r\u0105 mo\u017cemy obudowa\u0107 w sakwy i inne d\u0142ugodystansowe akcesoria i ruszy\u0107 ku przygodzie.<\/p>\n","protected":false},"featured_media":4358,"comment_status":"open","ping_status":"closed","template":"","meta":{"inline_featured_image":false},"product_cat":[78],"product_tag":[],"_links":{"self":[{"href":"https:\/\/amsports.pl\/index.php?rest_route=\/wp\/v2\/product\/4357"}],"collection":[{"href":"https:\/\/amsports.pl\/index.php?rest_route=\/wp\/v2\/product"}],"about":[{"href":"https:\/\/amsports.pl\/index.php?rest_route=\/wp\/v2\/types\/product"}],"replies":[{"embeddable":true,"href":"https:\/\/amsports.pl\/index.php?rest_route=%2Fwp%2Fv2%2Fcomments&post=4357"}],"wp:featuredmedia":[{"embeddable":true,"href":"https:\/\/amsports.pl\/index.php?rest_route=\/wp\/v2\/media\/4358"}],"wp:attachment":[{"href":"https:\/\/amsports.pl\/index.php?rest_route=%2Fwp%2Fv2%2Fmedia&parent=4357"}],"wp:term":[{"taxonomy":"product_cat","embeddable":true,"href":"https:\/\/amsports.pl\/index.php?rest_route=%2Fwp%2Fv2%2Fproduct_cat&post=4357"},{"taxonomy":"product_tag","embeddable":true,"href":"https:\/\/amsports.pl\/index.php?rest_route=%2Fwp%2Fv2%2Fproduct_tag&post=4357"}],"curies":[{"name":"wp","href":"https:\/\/api.w.org\/{rel}","templated":true}]}}