{"id":4359,"date":"2023-02-03T16:09:31","date_gmt":"2023-02-03T16:09:31","guid":{"rendered":"https:\/\/amsports.pl\/?post_type=product&#038;p=4359"},"modified":"2025-08-18T11:08:11","modified_gmt":"2025-08-18T11:08:11","slug":"romet-gazela-4-bialo-zloty","status":"publish","type":"product","link":"https:\/\/amsports.pl\/?product=romet-gazela-4-bialo-zloty","title":{"rendered":"ROMET GAZELA 4  czarno &#8211; szara"},"content":{"rendered":"<p>Komfort jazdy by\u0142 priorytetem podczas projektowania ramy przeznaczonej dla kobiet. Lekka, aluminiowa konstrukcja posiada g\u00f3rn\u0105 rur\u0119 mocno schodz\u0105c\u0105 w d\u00f3\u0142 co sprawia, \u017ce wsiadanie i zsiadanie jest wyj\u0105tkowo \u0142atwe.<\/p>\n<p>Gazela 4 to klasyczny rower o wszechstronnym zastosowaniu. Niew\u0105tpliwie pomaga w tym bogate wyposa\u017cenie standardowe, w sk\u0142ad kt\u00f3rego wchodz\u0105 m.in. b\u0142otniki, komplet o\u015bwietlenia czy baga\u017cnik tylny. Rower dzi\u0119ki wyposa\u017ceniu w przedni amortyzator Suntour o ugi\u0119ciu 63 mm, sprawia, \u017ce jazda poza asfaltem potrafi by\u0107 naprawd\u0119 komfortow\u0105. Nie tylko w terenie wysokiej klasy nap\u0119d Shimano oferuj\u0105cy 21 prze\u0142o\u017ce\u0144 b\u0119dzie sporym u\u0142atwieniem podczas jazdy. Gazela 4 ubrana zosta\u0142a w hamulce tarczowe, kt\u00f3re nie maj\u0105 \u017cadnych k\u0142opot\u00f3w, by zatrzyma\u0107 aluminiowe ko\u0142a o \u015brednicy 28 cali. Model posiada regulowany mostek, kt\u00f3ry pozwala na \u0142atwe ustawienie odpowiedniej pozycji. To w po\u0142\u0105czeniu z wygodnym siode\u0142kiem Selle Royal sprawia, \u017ce mo\u017cna pozwoli\u0107 sobie na wielogodzinn\u0105 jazd\u0119. Rower dost\u0119pny jest w 2 wersjach kolorystycznych i dw\u00f3ch rozmiarach ramy.<\/p>\n","protected":false},"excerpt":{"rendered":"<p>Damski rower trekkingowy gotowy do prze\u017cycia niezapomnianych przyg\u00f3d. B\u0119dzie \u015bwietnym towarzyszem dalszych podr\u00f3\u017cy, ale te\u017c bez k\u0142opotu przeprowadzi Ci\u0119 przez miasto do obranego celu.<\/p>\n","protected":false},"featured_media":5779,"comment_status":"open","ping_status":"closed","template":"","meta":{"inline_featured_image":false},"product_cat":[78],"product_tag":[],"_links":{"self":[{"href":"https:\/\/amsports.pl\/index.php?rest_route=\/wp\/v2\/product\/4359"}],"collection":[{"href":"https:\/\/amsports.pl\/index.php?rest_route=\/wp\/v2\/product"}],"about":[{"href":"https:\/\/amsports.pl\/index.php?rest_route=\/wp\/v2\/types\/product"}],"replies":[{"embeddable":true,"href":"https:\/\/amsports.pl\/index.php?rest_route=%2Fwp%2Fv2%2Fcomments&post=4359"}],"wp:featuredmedia":[{"embeddable":true,"href":"https:\/\/amsports.pl\/index.php?rest_route=\/wp\/v2\/media\/5779"}],"wp:attachment":[{"href":"https:\/\/amsports.pl\/index.php?rest_route=%2Fwp%2Fv2%2Fmedia&parent=4359"}],"wp:term":[{"taxonomy":"product_cat","embeddable":true,"href":"https:\/\/amsports.pl\/index.php?rest_route=%2Fwp%2Fv2%2Fproduct_cat&post=4359"},{"taxonomy":"product_tag","embeddable":true,"href":"https:\/\/amsports.pl\/index.php?rest_route=%2Fwp%2Fv2%2Fproduct_tag&post=4359"}],"curies":[{"name":"wp","href":"https:\/\/api.w.org\/{rel}","templated":true}]}}