{"id":4371,"date":"2023-02-03T17:10:30","date_gmt":"2023-02-03T17:10:30","guid":{"rendered":"https:\/\/amsports.pl\/?post_type=product&#038;p=4371"},"modified":"2023-08-24T16:28:06","modified_gmt":"2023-08-24T16:28:06","slug":"romet-art-deco-rambler-r9-2-czarno-limonkowy","status":"publish","type":"product","link":"https:\/\/amsports.pl\/?product=romet-art-deco-rambler-r9-2-czarno-limonkowy","title":{"rendered":"ROMET RAMBLER R9.2  czarno &#8211; limonkowy"},"content":{"rendered":"<p>Rama Ramblera R9.2 charakteryzuje si\u0119 nisk\u0105 mas\u0105 oraz zwi\u0119kszon\u0105 odporno\u015bci\u0105 na uszkodzenia. Wszystko za spraw\u0105 wykorzystania stopu aluminium 6061 do jej produkcji. Odpowiednia geometria sprawia, \u017ce d\u0142uga jazda jest wci\u0105\u017c komfortowa.<\/p>\n<p>Rambler R9.2 mo\u017ce by\u0107 pierwszym powa\u017cnym \u201cg\u00f3ralem\u201d dla Ciebie. Przedni amortyzator Romet, kt\u00f3rego zas\u0142ugi zostan\u0105 z pewno\u015bci\u0105 docenione ju\u017c przy pierwszej je\u017adzie w terenie. Bardzo du\u017cy atut tego modelu stanowi wewn\u0119trzne prowadzenie przewod\u00f3w, kt\u00f3re zwi\u0119ksza estetyk\u0119 i chroni je przed uszkodzeniem. Nap\u0119d 3&#215;8 \u015bwietnie sprawdzi si\u0119 przy je\u017adzie po zr\u00f3\u017cnicowanym terenie. U\u0142atwi podjazdy pod wysokie wzniesienia i pokonywanie piaszczystych odcink\u00f3w drogi. Przerzutki Shimano przednia Tourney i tylna Acera zapewniaj\u0105 p\u0142ynn\u0105 zmian\u0119 prze\u0142o\u017ce\u0144. Mechanicznych hamulce tarczowe dobrze poradz\u0105 sobie nawet w czasie jazdy w deszczu. Du\u017ce, 29\u201d ko\u0142a z dwukomorowymi, aluminiowymi obr\u0119czami u\u0142atwiaj\u0105 jazd\u0119 i z \u0142atwo\u015bci\u0105 pokonuj\u0105 przeszkody takie jak kamienie, korzenie czy wyboje. Rambler R9.2 to doskona\u0142y stosunek jako\u015bci do ceny.<\/p>\n","protected":false},"excerpt":{"rendered":"<p>\u015awietna propozycja dla tych co lubi\u0105 zboczy\u0107 z utwardzonej \u015bcie\u017cki i dopiero wchodz\u0105 w kolarski \u015bwiat. Idealny do odkrywania nowych szlak\u00f3w.<\/p>\n","protected":false},"featured_media":4372,"comment_status":"open","ping_status":"closed","template":"","meta":{"inline_featured_image":false},"product_cat":[75],"product_tag":[],"_links":{"self":[{"href":"https:\/\/amsports.pl\/index.php?rest_route=\/wp\/v2\/product\/4371"}],"collection":[{"href":"https:\/\/amsports.pl\/index.php?rest_route=\/wp\/v2\/product"}],"about":[{"href":"https:\/\/amsports.pl\/index.php?rest_route=\/wp\/v2\/types\/product"}],"replies":[{"embeddable":true,"href":"https:\/\/amsports.pl\/index.php?rest_route=%2Fwp%2Fv2%2Fcomments&post=4371"}],"wp:featuredmedia":[{"embeddable":true,"href":"https:\/\/amsports.pl\/index.php?rest_route=\/wp\/v2\/media\/4372"}],"wp:attachment":[{"href":"https:\/\/amsports.pl\/index.php?rest_route=%2Fwp%2Fv2%2Fmedia&parent=4371"}],"wp:term":[{"taxonomy":"product_cat","embeddable":true,"href":"https:\/\/amsports.pl\/index.php?rest_route=%2Fwp%2Fv2%2Fproduct_cat&post=4371"},{"taxonomy":"product_tag","embeddable":true,"href":"https:\/\/amsports.pl\/index.php?rest_route=%2Fwp%2Fv2%2Fproduct_tag&post=4371"}],"curies":[{"name":"wp","href":"https:\/\/api.w.org\/{rel}","templated":true}]}}