{"id":4376,"date":"2023-02-03T17:42:12","date_gmt":"2023-02-03T17:42:12","guid":{"rendered":"https:\/\/amsports.pl\/?post_type=product&#038;p=4376"},"modified":"2025-05-22T16:06:50","modified_gmt":"2025-05-22T16:06:50","slug":"romet-rambler-r6-0-jr-2","status":"publish","type":"product","link":"https:\/\/amsports.pl\/?product=romet-rambler-r6-0-jr-2","title":{"rendered":"ROMET RAMBLER R6.0 JR  czarno &#8211; niebieski"},"content":{"rendered":"<p>Rama Ramblera R6.0 charakteryzuje si\u0119 nisk\u0105 mas\u0105 oraz zwi\u0119kszon\u0105 odporno\u015bci\u0105 na uszkodzenia. Wszystko za spraw\u0105 wykorzystania stopu aluminium 6061 do jej produkcji. Odpowiednia geometria sprawia, \u017ce d\u0142uga jazda jest wci\u0105\u017c komfortowa.<\/p>\n<p>Rambler R6.0 mo\u017ce by\u0107 pierwszym powa\u017cnym \u201cg\u00f3ralem\u201d dla Twojego dziecka. Wyposa\u017cony we wszystko czego m\u0142ody cz\u0142owiek mo\u017ce oczekiwa\u0107 po rowerze. Przedni amortyzator Romet, kt\u00f3rego zas\u0142ugi zostan\u0105 z pewno\u015bci\u0105 docenione ju\u017c przy pierwszej je\u017adzie w terenie. Grupa osprz\u0119tu Shimano Tourney z 21 biegami dzia\u0142a p\u0142ynnie, a dzi\u0119ki prostej budowie jest niemal\u017ce bezobs\u0142ugowa. Manetki Revoshift sprawiaj\u0105, \u017ce obs\u0142uga nap\u0119du jest wyj\u0105tkowo prosta, a ca\u0142o\u015b\u0107 dzia\u0142ania przypomina to z motocykli. Uzupe\u0142nieniem specyfikacji s\u0105 aluminiowe komponenty marki Romet. Rambler R6.0 to doskona\u0142y stosunek jako\u015bci do ceny.<\/p>\n","protected":false},"excerpt":{"rendered":"<p>\u015awietna propozycja dla ma\u0142ych kolarzy, kt\u00f3rzy lubi\u0105 zboczy\u0107 z utwardzonej \u015bcie\u017cki i dopiero wchodz\u0105 w kolarski \u015bwiat. Idealny na dojazdy do szko\u0142y i odkrywanie \u015bwiata z perspektywy dw\u00f3ch k\u00f3\u0142ek.<\/p>\n","protected":false},"featured_media":4377,"comment_status":"open","ping_status":"closed","template":"","meta":{"inline_featured_image":false},"product_cat":[80],"product_tag":[],"_links":{"self":[{"href":"https:\/\/amsports.pl\/index.php?rest_route=\/wp\/v2\/product\/4376"}],"collection":[{"href":"https:\/\/amsports.pl\/index.php?rest_route=\/wp\/v2\/product"}],"about":[{"href":"https:\/\/amsports.pl\/index.php?rest_route=\/wp\/v2\/types\/product"}],"replies":[{"embeddable":true,"href":"https:\/\/amsports.pl\/index.php?rest_route=%2Fwp%2Fv2%2Fcomments&post=4376"}],"wp:featuredmedia":[{"embeddable":true,"href":"https:\/\/amsports.pl\/index.php?rest_route=\/wp\/v2\/media\/4377"}],"wp:attachment":[{"href":"https:\/\/amsports.pl\/index.php?rest_route=%2Fwp%2Fv2%2Fmedia&parent=4376"}],"wp:term":[{"taxonomy":"product_cat","embeddable":true,"href":"https:\/\/amsports.pl\/index.php?rest_route=%2Fwp%2Fv2%2Fproduct_cat&post=4376"},{"taxonomy":"product_tag","embeddable":true,"href":"https:\/\/amsports.pl\/index.php?rest_route=%2Fwp%2Fv2%2Fproduct_tag&post=4376"}],"curies":[{"name":"wp","href":"https:\/\/api.w.org\/{rel}","templated":true}]}}