{"id":4381,"date":"2023-02-04T09:30:01","date_gmt":"2023-02-04T09:30:01","guid":{"rendered":"https:\/\/amsports.pl\/?post_type=product&#038;p=4381"},"modified":"2023-08-24T16:26:31","modified_gmt":"2023-08-24T16:26:31","slug":"romet-jolene-7-1","status":"publish","type":"product","link":"https:\/\/amsports.pl\/?product=romet-jolene-7-1","title":{"rendered":"ROMET JOLENE 7.1  turkusowo &#8211; be\u017cowy"},"content":{"rendered":"<p>Zaawanasowana alumiowa rama z geometri\u0105 dostosowan\u0105 do kobiecej anatomii. Konstrukcja ta powsta\u0142a od zera w Polsce i wykonana zosta\u0142a ze stopu oznaczonego symbolem 6061. Jolene posiada sztywn\u0105 i odporn\u0105 na uszkodzenia ram\u0119.<\/p>\n<p>Zbudowany na 27,5 calowych ko\u0142ach Jolene to niezwykle wszechstronny i zwrotny sprz\u0119t do jazdy w terenie. Wygodna geometria w po\u0142\u0105czeniu z zapewniaj\u0105cym odpowiedni komfort widelcem spr\u0119\u017cynowym Suntour XCE DS tworz\u0105 w pe\u0142noprawny rower g\u00f3rski. Oczywi\u015bcie nie wolno zapomina\u0107 o osprz\u0119cie. W Jolene 7.1 postawili\u015bmy na charakteryzuj\u0105cy si\u0119 szerokimi mo\u017cliwo\u015bciami zmiany prze\u0142o\u017ce\u0144 zestaw od Shimano \u2013 Acera w uk\u0142adzie 3\u00d77. Nap\u0119d ten jest prosty w obsludze b\u0119d\u0105c jednocze\u015bnie naprawd\u0119 solidnym. Jazda w terenie bez odpowiednich hamulc\u00f3w to nie najlepszy pomys\u0142 dlatego w Jolene za skuteczn\u0105 mo\u017cliwo\u015b\u0107 zmniejszenia pr\u0119dko\u015bci lub zatrzymania odpowiada sprawdzony komplet hamulc\u00f3w tarczowych \u2013 Shimano TX805.<\/p>\n","protected":false},"excerpt":{"rendered":"<p>Damski Jolene to uniwersalny rower g\u00f3rski zbudowany specjalnie dla kobiet, kt\u00f3re od sprz\u0119tu wymagaj\u0105 czego\u015b wi\u0119cej.<\/p>\n","protected":false},"featured_media":4382,"comment_status":"open","ping_status":"closed","template":"","meta":{"inline_featured_image":false},"product_cat":[75],"product_tag":[],"_links":{"self":[{"href":"https:\/\/amsports.pl\/index.php?rest_route=\/wp\/v2\/product\/4381"}],"collection":[{"href":"https:\/\/amsports.pl\/index.php?rest_route=\/wp\/v2\/product"}],"about":[{"href":"https:\/\/amsports.pl\/index.php?rest_route=\/wp\/v2\/types\/product"}],"replies":[{"embeddable":true,"href":"https:\/\/amsports.pl\/index.php?rest_route=%2Fwp%2Fv2%2Fcomments&post=4381"}],"wp:featuredmedia":[{"embeddable":true,"href":"https:\/\/amsports.pl\/index.php?rest_route=\/wp\/v2\/media\/4382"}],"wp:attachment":[{"href":"https:\/\/amsports.pl\/index.php?rest_route=%2Fwp%2Fv2%2Fmedia&parent=4381"}],"wp:term":[{"taxonomy":"product_cat","embeddable":true,"href":"https:\/\/amsports.pl\/index.php?rest_route=%2Fwp%2Fv2%2Fproduct_cat&post=4381"},{"taxonomy":"product_tag","embeddable":true,"href":"https:\/\/amsports.pl\/index.php?rest_route=%2Fwp%2Fv2%2Fproduct_tag&post=4381"}],"curies":[{"name":"wp","href":"https:\/\/api.w.org\/{rel}","templated":true}]}}