{"id":4386,"date":"2023-02-04T09:57:43","date_gmt":"2023-02-04T09:57:43","guid":{"rendered":"https:\/\/amsports.pl\/?post_type=product&#038;p=4386"},"modified":"2023-08-24T14:30:28","modified_gmt":"2023-08-24T14:30:28","slug":"romet-jolene-6-1-zielono-fioletowy","status":"publish","type":"product","link":"https:\/\/amsports.pl\/?product=romet-jolene-6-1-zielono-fioletowy","title":{"rendered":"ROMET JOLENE 6.1  zielono &#8211; fioletowy"},"content":{"rendered":"<p>Rama Jolene 6.1 charakteryzuje si\u0119 nisk\u0105 mas\u0105 oraz zwi\u0119kszon\u0105 odporno\u015bci\u0105 na uszkodzenia. Wszystko za spraw\u0105 wykorzystania stopu aluminium 6061 do jej produkcji. Odpowiednia geometria sprawia, \u017ce d\u0142uga jazda jest wci\u0105\u017c komfortowa.<\/p>\n<p>Jolene 6.1 mo\u017ce by\u0107 pierwszym powa\u017cnym \u201cg\u00f3ralem\u201d dla Twojego dziecka. Wyposa\u017cony we wszystko czego m\u0142ody cz\u0142owiek mo\u017ce oczekiwa\u0107 po rowerze. Przedni amortyzator Romet, kt\u00f3rego zas\u0142ugi zostan\u0105 z pewno\u015bci\u0105 docenione ju\u017c przy pierwszej je\u017adzie w terenie. Sercem roweru jest nap\u0119d, w tym przypadku w do\u015b\u0107 uniwersalnej konfiguracji 3&#215;7, pozwalaj\u0105cej na energiczne uczestniczenie w ruchu ulicznym, jak i wygodne poruszanie si\u0119 poza g\u0142\u00f3wnymi trasami. Za precyzyjn\u0105 i bezproblemow\u0105 zmian\u0119 prze\u0142o\u017ce\u0144 odpowiadaj\u0105 sprawdzone przerzutki Shimano Tourney, wystarczaj\u0105ce na potrzeby rekreacyjnej jazdy. Uzupe\u0142nieniem specyfikacji s\u0105 aluminiowe komponenty marki Romet. Jolene 6.1 to doskona\u0142y stosunek jako\u015bci do ceny.<\/p>\n","protected":false},"excerpt":{"rendered":"<p>\u015awietna propozycja dla ma\u0142ych kolarek, kt\u00f3re lubi\u0105 zboczy\u0107 z utwardzonej \u015bcie\u017cki i dopiero wchodz\u0105 w kolarski \u015bwiat. Idealny na dojazdy do szko\u0142y i odkrywanie \u015bwiata z perspektywy dw\u00f3ch k\u00f3\u0142ek.<\/p>\n","protected":false},"featured_media":4387,"comment_status":"open","ping_status":"closed","template":"","meta":{"inline_featured_image":false},"product_cat":[80],"product_tag":[],"_links":{"self":[{"href":"https:\/\/amsports.pl\/index.php?rest_route=\/wp\/v2\/product\/4386"}],"collection":[{"href":"https:\/\/amsports.pl\/index.php?rest_route=\/wp\/v2\/product"}],"about":[{"href":"https:\/\/amsports.pl\/index.php?rest_route=\/wp\/v2\/types\/product"}],"replies":[{"embeddable":true,"href":"https:\/\/amsports.pl\/index.php?rest_route=%2Fwp%2Fv2%2Fcomments&post=4386"}],"wp:featuredmedia":[{"embeddable":true,"href":"https:\/\/amsports.pl\/index.php?rest_route=\/wp\/v2\/media\/4387"}],"wp:attachment":[{"href":"https:\/\/amsports.pl\/index.php?rest_route=%2Fwp%2Fv2%2Fmedia&parent=4386"}],"wp:term":[{"taxonomy":"product_cat","embeddable":true,"href":"https:\/\/amsports.pl\/index.php?rest_route=%2Fwp%2Fv2%2Fproduct_cat&post=4386"},{"taxonomy":"product_tag","embeddable":true,"href":"https:\/\/amsports.pl\/index.php?rest_route=%2Fwp%2Fv2%2Fproduct_tag&post=4386"}],"curies":[{"name":"wp","href":"https:\/\/api.w.org\/{rel}","templated":true}]}}