{"id":4411,"date":"2023-02-06T12:58:50","date_gmt":"2023-02-06T12:58:50","guid":{"rendered":"https:\/\/amsports.pl\/?post_type=product&#038;p=4411"},"modified":"2024-07-24T13:29:03","modified_gmt":"2024-07-24T13:29:03","slug":"romet-panda-1-bialo-niebieski","status":"publish","type":"product","link":"https:\/\/amsports.pl\/?product=romet-panda-1-bialo-niebieski","title":{"rendered":"ROMET PANDA 1  bia\u0142o &#8211; niebieski"},"content":{"rendered":"<p>Lekka, aluminiowa rama Pandy zosta\u0142a specjalnie zaprojektowana, tak by nawet jazda w ulubionych sukienkach nie by\u0142a k\u0142opotliwa.<\/p>\n<p>Panda to model zbudowany na 24 calowych ko\u0142ach. Posiada wszystko, co mo\u017ce przyda\u0107 si\u0119 w dziewcz\u0119cym rowerze. Jest baga\u017cnik, na kt\u00f3ry mo\u017cna zabra\u0107 ulubion\u0105 przytulank\u0119. Jest te\u017c LEDowe o\u015bwietlenie, kt\u00f3re sprawi, \u017ce dziecko b\u0119dzie zawsze dobrze widoczne. W Pandzie zastosowali\u015bmy prosty i w pe\u0142ni wystarczalny nap\u0119d Shimano Tourney z 7 biegami. Obycie z biegami w rowerze u\u0142atwi\u0105 manetki Revoshift o prostym dzia\u0142aniu przypominaj\u0105cym to znane z motocykli. Rower posiada r\u00f3wnie\u017c b\u0142otniki, os\u0142on\u0119 nap\u0119du i stopk\u0119 co z pewno\u015bci\u0105 doceni ka\u017cda ma\u0142a rowerzystka.<\/p>\n","protected":false},"excerpt":{"rendered":"<p>Podr\u00f3\u017c do szko\u0142y? A mo\u017ce wy\u015bcig na plac zabaw, aby by\u0107 pierwsz\u0105 na hu\u015btawce? Tylko od dzieci\u0119cej wyobra\u017ani zale\u017cy jaki b\u0119dzie cel najbli\u017cszej podr\u00f3\u017cy.<\/p>\n","protected":false},"featured_media":4412,"comment_status":"open","ping_status":"closed","template":"","meta":{"inline_featured_image":false},"product_cat":[80],"product_tag":[],"_links":{"self":[{"href":"https:\/\/amsports.pl\/index.php?rest_route=\/wp\/v2\/product\/4411"}],"collection":[{"href":"https:\/\/amsports.pl\/index.php?rest_route=\/wp\/v2\/product"}],"about":[{"href":"https:\/\/amsports.pl\/index.php?rest_route=\/wp\/v2\/types\/product"}],"replies":[{"embeddable":true,"href":"https:\/\/amsports.pl\/index.php?rest_route=%2Fwp%2Fv2%2Fcomments&post=4411"}],"wp:featuredmedia":[{"embeddable":true,"href":"https:\/\/amsports.pl\/index.php?rest_route=\/wp\/v2\/media\/4412"}],"wp:attachment":[{"href":"https:\/\/amsports.pl\/index.php?rest_route=%2Fwp%2Fv2%2Fmedia&parent=4411"}],"wp:term":[{"taxonomy":"product_cat","embeddable":true,"href":"https:\/\/amsports.pl\/index.php?rest_route=%2Fwp%2Fv2%2Fproduct_cat&post=4411"},{"taxonomy":"product_tag","embeddable":true,"href":"https:\/\/amsports.pl\/index.php?rest_route=%2Fwp%2Fv2%2Fproduct_tag&post=4411"}],"curies":[{"name":"wp","href":"https:\/\/api.w.org\/{rel}","templated":true}]}}