{"id":4413,"date":"2023-02-06T13:07:12","date_gmt":"2023-02-06T13:07:12","guid":{"rendered":"https:\/\/amsports.pl\/?post_type=product&#038;p=4413"},"modified":"2024-07-24T13:31:32","modified_gmt":"2024-07-24T13:31:32","slug":"romet-tola-20-turkusowo-rozowy","status":"publish","type":"product","link":"https:\/\/amsports.pl\/?product=romet-tola-20-turkusowo-rozowy","title":{"rendered":"ROMET TOLA  20  turkusowo &#8211; fioletowy"},"content":{"rendered":"<p>Estetyczna i drobiazgowa konstrukcja rozbudzi mi\u0142o\u015b\u0107 do jedno\u015blad\u00f3w w ka\u017cdej ma\u0142ej u\u017cytkowniczce.<\/p>\n<p>Rower oparto o stalow\u0105 ram\u0119, kt\u00f3ra zapewnia bardzo wysok\u0105 wytrzyma\u0142o\u015b\u0107. Z tego samego tworzywa wykonano kierownic\u0119 oraz widelec, a tak\u017ce piasty, obr\u0119cze i sztyce, dzi\u0119ki czemu ca\u0142y rower jest odporny na wszelkiego rodzaju uszkodzenia i powinien dobrze s\u0142u\u017cy\u0107 dziecku przez d\u0142ugi czas. Geometri\u0119 poprowadzono w taki spos\u00f3b, by mo\u017cliwie jak najbardziej u\u0142atwi\u0107 wsiadanie i zsiadanie z modelu, dlatego g\u0142\u00f3wna rura zosta\u0142a charakterystycznie wygi\u0119ta. Wyposa\u017cenie Toli 20 to przede wszystkim dodatkowe k\u00f3\u0142ka zamocowane z ty\u0142u, kt\u00f3re znacz\u0105co u\u0142atwiaj\u0105 utrzymanie r\u00f3wnowagi. Kiedy dziecko opanuje ju\u017c t\u0119 sztuk\u0119, mo\u017cna je odczepi\u0107. Osprz\u0119t z kolei to proste rozwi\u0105zania dopasowane do wieku u\u017cytkowniczki \u2013 jednobiegowy nap\u0119d oraz \u0142atwe w obs\u0142udze hamulce szcz\u0119kowe i torpedo.<\/p>\n","protected":false},"excerpt":{"rendered":"<p>Rower dzieci\u0119cy Tola 20 to \u015bwietna propozycja dla dorastaj\u0105cych dzieci. Tola to zoptymalizowana geometria, tak aby u\u0142atwi\u0107 zar\u00f3wno wsiadanie, jak i zsiadanie. Dzi\u0119ki czemu jazda na rowerze b\u0119dzie kojarzy\u0107 si\u0119 wy\u0142\u0105cznie z sam\u0105 przyjemno\u015bci\u0105.<\/p>\n","protected":false},"featured_media":4414,"comment_status":"open","ping_status":"closed","template":"","meta":{"inline_featured_image":false},"product_cat":[81],"product_tag":[],"_links":{"self":[{"href":"https:\/\/amsports.pl\/index.php?rest_route=\/wp\/v2\/product\/4413"}],"collection":[{"href":"https:\/\/amsports.pl\/index.php?rest_route=\/wp\/v2\/product"}],"about":[{"href":"https:\/\/amsports.pl\/index.php?rest_route=\/wp\/v2\/types\/product"}],"replies":[{"embeddable":true,"href":"https:\/\/amsports.pl\/index.php?rest_route=%2Fwp%2Fv2%2Fcomments&post=4413"}],"wp:featuredmedia":[{"embeddable":true,"href":"https:\/\/amsports.pl\/index.php?rest_route=\/wp\/v2\/media\/4414"}],"wp:attachment":[{"href":"https:\/\/amsports.pl\/index.php?rest_route=%2Fwp%2Fv2%2Fmedia&parent=4413"}],"wp:term":[{"taxonomy":"product_cat","embeddable":true,"href":"https:\/\/amsports.pl\/index.php?rest_route=%2Fwp%2Fv2%2Fproduct_cat&post=4413"},{"taxonomy":"product_tag","embeddable":true,"href":"https:\/\/amsports.pl\/index.php?rest_route=%2Fwp%2Fv2%2Fproduct_tag&post=4413"}],"curies":[{"name":"wp","href":"https:\/\/api.w.org\/{rel}","templated":true}]}}