{"id":4428,"date":"2023-02-06T14:46:05","date_gmt":"2023-02-06T14:46:05","guid":{"rendered":"https:\/\/amsports.pl\/?post_type=product&#038;p=4428"},"modified":"2025-05-22T16:10:10","modified_gmt":"2025-05-22T16:10:10","slug":"romet-tom-12-zolto-niebieski","status":"publish","type":"product","link":"https:\/\/amsports.pl\/?product=romet-tom-12-zolto-niebieski","title":{"rendered":"ROMET TOM  12  \u017c\u00f3\u0142to &#8211; niebieski"},"content":{"rendered":"<p>Dzi\u0119ki solidnej konstrukcji niemal w ca\u0142o\u015bci wykonanej ze stali, rodzice nie musz\u0105 obawia\u0107 si\u0119, \u017ce Tom 16 nie wytrzyma dzieci\u0119cych zabaw. Mocna i sztywna rama oraz widelec, kierownica, piasty i obr\u0119cze zosta\u0142y zaprojektowane tak, by dobrze s\u0142u\u017cy\u0107 przez lata. Geometri\u0119 roweru poprowadzono w taki spos\u00f3b, aby u\u0142atwi\u0107 ma\u0142emu kolarzowi wsiadanie i zsiadanie \u2013 g\u00f3rna rura jest nieco wygi\u0119ta.<br \/>\nModel wyposa\u017cono w dodatkowe k\u00f3\u0142ka z ty\u0142u wspomagaj\u0105ce utrzymywanie r\u00f3wnowagi. W razie potrzeby mo\u017cna je odczepi\u0107. Osprz\u0119t obecny w rowerku to proste, lecz sprawdzone rozwi\u0105zania dostosowane do potrzeb najm\u0142odszych \u2013 jednobiegowy nap\u0119d oraz hamulce przednie szcz\u0119kowe i tylne torpedo pomog\u0105 dziecku w nauce kontroli jedno\u015bladu.<\/p>\n","protected":false},"excerpt":{"rendered":"<p>Za spraw\u0105 atrakcyjnego designu i starannego wykonania rowerek pomo\u017ce zainteresowa\u0107 najm\u0142odszych kolarstwem i rozwin\u0105\u0107 ich pasj\u0119 ju\u017c w bardzo m\u0142odym wieku.<\/p>\n","protected":false},"featured_media":4429,"comment_status":"open","ping_status":"closed","template":"","meta":{"inline_featured_image":false},"product_cat":[81],"product_tag":[],"_links":{"self":[{"href":"https:\/\/amsports.pl\/index.php?rest_route=\/wp\/v2\/product\/4428"}],"collection":[{"href":"https:\/\/amsports.pl\/index.php?rest_route=\/wp\/v2\/product"}],"about":[{"href":"https:\/\/amsports.pl\/index.php?rest_route=\/wp\/v2\/types\/product"}],"replies":[{"embeddable":true,"href":"https:\/\/amsports.pl\/index.php?rest_route=%2Fwp%2Fv2%2Fcomments&post=4428"}],"wp:featuredmedia":[{"embeddable":true,"href":"https:\/\/amsports.pl\/index.php?rest_route=\/wp\/v2\/media\/4429"}],"wp:attachment":[{"href":"https:\/\/amsports.pl\/index.php?rest_route=%2Fwp%2Fv2%2Fmedia&parent=4428"}],"wp:term":[{"taxonomy":"product_cat","embeddable":true,"href":"https:\/\/amsports.pl\/index.php?rest_route=%2Fwp%2Fv2%2Fproduct_cat&post=4428"},{"taxonomy":"product_tag","embeddable":true,"href":"https:\/\/amsports.pl\/index.php?rest_route=%2Fwp%2Fv2%2Fproduct_tag&post=4428"}],"curies":[{"name":"wp","href":"https:\/\/api.w.org\/{rel}","templated":true}]}}