{"id":4456,"date":"2023-02-07T10:53:37","date_gmt":"2023-02-07T10:53:37","guid":{"rendered":"https:\/\/amsports.pl\/?post_type=product&#038;p=4456"},"modified":"2025-09-03T11:26:52","modified_gmt":"2025-09-03T11:26:52","slug":"giant-rove-3-silver","status":"publish","type":"product","link":"https:\/\/amsports.pl\/?product=giant-rove-3-silver","title":{"rendered":"LIV ROVE 4 STG  terra roza"},"content":{"rendered":"<p>Amortyzowany widelec zapewnia wi\u0119cej komfortu gdy zje\u017cd\u017casz z twardej nawierzchni na szuter lub le\u015bne szlaki. Czu\u0142e i niezawodne hamulce tarczowe pomagaj\u0105 utrzyma\u0107 pr\u0119dko\u015b\u0107 pod kontrol\u0105, nawet w deszczowe dni. Zintegrowane mocowania pozwol\u0105 na za\u0142o\u017cenie tylnego baga\u017cnika. Niski przekrok sprawi, \u017ce wsiadanie i wysiadanie nie b\u0119d\u0105 Ciebie k\u0142opotem, podczas za\u0142atwiania spraw na rowerze.<\/p>\n","protected":false},"excerpt":{"rendered":"<p>G\u0142\u00f3wne ulice, boczne zau\u0142ki czy le\u015bne \u015bcie\u017cki. Wszechstronny ROVE sprawia, \u017ce masz nieograniczony wyb\u00f3r.<\/p>\n","protected":false},"featured_media":6002,"comment_status":"open","ping_status":"closed","template":"","meta":{"inline_featured_image":false},"product_cat":[119],"product_tag":[],"_links":{"self":[{"href":"https:\/\/amsports.pl\/index.php?rest_route=\/wp\/v2\/product\/4456"}],"collection":[{"href":"https:\/\/amsports.pl\/index.php?rest_route=\/wp\/v2\/product"}],"about":[{"href":"https:\/\/amsports.pl\/index.php?rest_route=\/wp\/v2\/types\/product"}],"replies":[{"embeddable":true,"href":"https:\/\/amsports.pl\/index.php?rest_route=%2Fwp%2Fv2%2Fcomments&post=4456"}],"wp:featuredmedia":[{"embeddable":true,"href":"https:\/\/amsports.pl\/index.php?rest_route=\/wp\/v2\/media\/6002"}],"wp:attachment":[{"href":"https:\/\/amsports.pl\/index.php?rest_route=%2Fwp%2Fv2%2Fmedia&parent=4456"}],"wp:term":[{"taxonomy":"product_cat","embeddable":true,"href":"https:\/\/amsports.pl\/index.php?rest_route=%2Fwp%2Fv2%2Fproduct_cat&post=4456"},{"taxonomy":"product_tag","embeddable":true,"href":"https:\/\/amsports.pl\/index.php?rest_route=%2Fwp%2Fv2%2Fproduct_tag&post=4456"}],"curies":[{"name":"wp","href":"https:\/\/api.w.org\/{rel}","templated":true}]}}