{"id":4464,"date":"2023-02-07T11:49:09","date_gmt":"2023-02-07T11:49:09","guid":{"rendered":"https:\/\/amsports.pl\/?post_type=product&#038;p=4464"},"modified":"2025-09-03T11:33:25","modified_gmt":"2025-09-03T11:33:25","slug":"giant-roam-4-black-red","status":"publish","type":"product","link":"https:\/\/amsports.pl\/?product=giant-roam-4-black-red","title":{"rendered":"GIANT ROAM 4  black"},"content":{"rendered":"<p>Ulepszona geometria roweru z prost\u0105 kierownic\u0105 zapewnia rowerzy\u015bcie pozycj\u0119, kt\u00f3ra r\u00f3wnowa\u017cy efektywno\u015b\u0107 ze stabilno\u015bci\u0105, a hamulce tarczowe zapewniaj\u0105 dodatkow\u0105 kontrol\u0119 na nier\u00f3wnych drogach i bezdro\u017cach. Sztyca D-Fuse i widelec amortyzowany poch\u0142aniaj\u0105 drgania oraz nier\u00f3wno\u015bci, a os\u0142ona antyprzebiciowa zastosowana w oponach daje poczucie bezpiecze\u0144stwa, jednocze\u015bnie realnie zmniejszaj\u0105c ryzyko przebicia. Zintegrowane mocowania pasuj\u0105 do baga\u017cnik\u00f3w tylnych zapewniaj\u0105cych mo\u017cliwo\u015b\u0107 \u0142atwego przewozu ekwipunku podczas jednodniowych wycieczek i d\u0142u\u017cszych wypraw.<\/p>\n","protected":false},"excerpt":{"rendered":"<p>Jed\u017a swoj\u0105 drog\u0105, gdziekolwiek prowadzi. Stabilna pozycja przy prostej kierownicy oraz hamulce tarczowe sprawiaj\u0105, \u017ce Roam Disc nadaje si\u0119 na ka\u017cdy teren i nieskr\u0119powane przygody.<\/p>\n","protected":false},"featured_media":6003,"comment_status":"open","ping_status":"closed","template":"","meta":{"inline_featured_image":false},"product_cat":[119],"product_tag":[],"_links":{"self":[{"href":"https:\/\/amsports.pl\/index.php?rest_route=\/wp\/v2\/product\/4464"}],"collection":[{"href":"https:\/\/amsports.pl\/index.php?rest_route=\/wp\/v2\/product"}],"about":[{"href":"https:\/\/amsports.pl\/index.php?rest_route=\/wp\/v2\/types\/product"}],"replies":[{"embeddable":true,"href":"https:\/\/amsports.pl\/index.php?rest_route=%2Fwp%2Fv2%2Fcomments&post=4464"}],"wp:featuredmedia":[{"embeddable":true,"href":"https:\/\/amsports.pl\/index.php?rest_route=\/wp\/v2\/media\/6003"}],"wp:attachment":[{"href":"https:\/\/amsports.pl\/index.php?rest_route=%2Fwp%2Fv2%2Fmedia&parent=4464"}],"wp:term":[{"taxonomy":"product_cat","embeddable":true,"href":"https:\/\/amsports.pl\/index.php?rest_route=%2Fwp%2Fv2%2Fproduct_cat&post=4464"},{"taxonomy":"product_tag","embeddable":true,"href":"https:\/\/amsports.pl\/index.php?rest_route=%2Fwp%2Fv2%2Fproduct_tag&post=4464"}],"curies":[{"name":"wp","href":"https:\/\/api.w.org\/{rel}","templated":true}]}}