{"id":4482,"date":"2023-02-07T15:14:51","date_gmt":"2023-02-07T15:14:51","guid":{"rendered":"https:\/\/amsports.pl\/?post_type=product&#038;p=4482"},"modified":"2024-07-30T12:57:14","modified_gmt":"2024-07-30T12:57:14","slug":"giant-talon-3-29-good-gray","status":"publish","type":"product","link":"https:\/\/amsports.pl\/?product=giant-talon-3-29-good-gray","title":{"rendered":"GIANT TALON 3  29  good gray"},"content":{"rendered":"<p>R\u0119czna produkcja ram z aluminium ALUXX odbywa si\u0119 w zak\u0142adzie \u015bwiatowego lidera technologii aluminium. Geometria optymalnie wykorzystuje stabilno\u015b\u0107 i p\u0142ynno\u015b\u0107 toczenia 29-calowych k\u00f3\u0142 oraz zwinno\u015b\u0107 k\u00f3\u0142 27,5 cala (w zale\u017cno\u015bci od modelu i rozmiaru ramy). Widelec amortyzowany o p\u0142ynnym skoku 80 lub 100 mm zapewnia wi\u0119ksz\u0105 kontrol\u0119 w XC.<\/p>\n","protected":false},"excerpt":{"rendered":"<p>Podci\u0105gaj tempo na podjazdach i szalej na zjazdach. Aluminiowy hardtail wzywa na szlaki, zapewniaj\u0105c wywa\u017cone, pewne sterowanie i p\u0142ynn\u0105 amortyzacj\u0119.<\/p>\n","protected":false},"featured_media":4479,"comment_status":"open","ping_status":"closed","template":"","meta":{"inline_featured_image":false},"product_cat":[75],"product_tag":[],"_links":{"self":[{"href":"https:\/\/amsports.pl\/index.php?rest_route=\/wp\/v2\/product\/4482"}],"collection":[{"href":"https:\/\/amsports.pl\/index.php?rest_route=\/wp\/v2\/product"}],"about":[{"href":"https:\/\/amsports.pl\/index.php?rest_route=\/wp\/v2\/types\/product"}],"replies":[{"embeddable":true,"href":"https:\/\/amsports.pl\/index.php?rest_route=%2Fwp%2Fv2%2Fcomments&post=4482"}],"wp:featuredmedia":[{"embeddable":true,"href":"https:\/\/amsports.pl\/index.php?rest_route=\/wp\/v2\/media\/4479"}],"wp:attachment":[{"href":"https:\/\/amsports.pl\/index.php?rest_route=%2Fwp%2Fv2%2Fmedia&parent=4482"}],"wp:term":[{"taxonomy":"product_cat","embeddable":true,"href":"https:\/\/amsports.pl\/index.php?rest_route=%2Fwp%2Fv2%2Fproduct_cat&post=4482"},{"taxonomy":"product_tag","embeddable":true,"href":"https:\/\/amsports.pl\/index.php?rest_route=%2Fwp%2Fv2%2Fproduct_tag&post=4482"}],"curies":[{"name":"wp","href":"https:\/\/api.w.org\/{rel}","templated":true}]}}