{"id":4498,"date":"2023-02-07T16:25:02","date_gmt":"2023-02-07T16:25:02","guid":{"rendered":"https:\/\/amsports.pl\/?post_type=product&#038;p=4498"},"modified":"2025-06-09T15:32:56","modified_gmt":"2025-06-09T15:32:56","slug":"giant-xtc-slr-2-29-black","status":"publish","type":"product","link":"https:\/\/amsports.pl\/?product=giant-xtc-slr-2-29-black","title":{"rendered":"GIANT XTC SLR 2  29  knight shield"},"content":{"rendered":"<p>Najl\u017cejsza sztywna rama aluminiowa MTB w historii Gianta pozwala zawodnikom XC szybciej podje\u017cd\u017ca\u0107 i przyspiesza\u0107.<br \/>\nNajlepszy w klasie stosunek sztywno\u015bci do masy sprawia, \u017ce zupe\u0142nie nowy XTC SLR 29 ustanawia nowy standard wydajno\u015bci aluminiowych rower\u00f3w XC.<br \/>\nWi\u0119ksze ko\u0142a 29 cali s\u0105 \u015bwietne na wyboisty teren, utrzymuj\u0105c pr\u0119dko\u015b\u0107 na technicznych podjazdach i oferuj\u0105c pewno\u015b\u0107 jazdy na szybkich, nier\u00f3wnych zjazdach po singlach.<\/p>\n","protected":false},"excerpt":{"rendered":"<p>Zdobywaj podjazdy, przyspieszaj na p\u0142ynnych singlach i utrzymuj pr\u0119dko\u015b\u0107 na zmiennym szlaku. Ten lekki, aluminiowy 29er zapewnia wydajno\u015b\u0107 i wywa\u017con\u0105 kontrol\u0119.<\/p>\n","protected":false},"featured_media":5761,"comment_status":"open","ping_status":"closed","template":"","meta":{"inline_featured_image":false},"product_cat":[75],"product_tag":[],"_links":{"self":[{"href":"https:\/\/amsports.pl\/index.php?rest_route=\/wp\/v2\/product\/4498"}],"collection":[{"href":"https:\/\/amsports.pl\/index.php?rest_route=\/wp\/v2\/product"}],"about":[{"href":"https:\/\/amsports.pl\/index.php?rest_route=\/wp\/v2\/types\/product"}],"replies":[{"embeddable":true,"href":"https:\/\/amsports.pl\/index.php?rest_route=%2Fwp%2Fv2%2Fcomments&post=4498"}],"wp:featuredmedia":[{"embeddable":true,"href":"https:\/\/amsports.pl\/index.php?rest_route=\/wp\/v2\/media\/5761"}],"wp:attachment":[{"href":"https:\/\/amsports.pl\/index.php?rest_route=%2Fwp%2Fv2%2Fmedia&parent=4498"}],"wp:term":[{"taxonomy":"product_cat","embeddable":true,"href":"https:\/\/amsports.pl\/index.php?rest_route=%2Fwp%2Fv2%2Fproduct_cat&post=4498"},{"taxonomy":"product_tag","embeddable":true,"href":"https:\/\/amsports.pl\/index.php?rest_route=%2Fwp%2Fv2%2Fproduct_tag&post=4498"}],"curies":[{"name":"wp","href":"https:\/\/api.w.org\/{rel}","templated":true}]}}