{"id":4501,"date":"2023-02-07T16:37:08","date_gmt":"2023-02-07T16:37:08","guid":{"rendered":"https:\/\/amsports.pl\/?post_type=product&#038;p=4501"},"modified":"2024-07-24T13:06:09","modified_gmt":"2024-07-24T13:06:09","slug":"giant-stance-2-29-knight-shield","status":"publish","type":"product","link":"https:\/\/amsports.pl\/?product=giant-stance-2-29-knight-shield","title":{"rendered":"GIANT STANCE 2  29  knight shield"},"content":{"rendered":"<p>Lekka i wytrzyma\u0142a rama aluminiowa ALUXX i system tylnego zawieszenia FlexPoint zapewniaj\u0105 p\u0142ynn\u0105, zr\u00f3wnowa\u017con\u0105 jazd\u0119 z pe\u0142n\u0105 kontrol\u0105. P\u0142ynny skok 120 mm zawieszenia z ty\u0142u i 130 mm z przodu. Dodatkowa stabilno\u015b\u0107 29-calowych k\u00f3\u0142 gwarantuje pewno\u015b\u0107 na wymagaj\u0105cych zjazdach, jak r\u00f3wnie\u017c szybsze podje\u017cd\u017canie z wi\u0119ksz\u0105 przyczepno\u015bci\u0105.<\/p>\n<p>R\u0119cznie wykonany z lekkiego, sztywnego i wytrzyma\u0142ego aluminium ALUXX \u2013doskona\u0142y na pocz\u0105tki jazdy z pe\u0142nym zawieszeniem.<br \/>\nZawieszenie FlexPoint pomaga radzi\u0107 sobie z trudnym terenem i rozwija\u0107 umiej\u0119tno\u015bci jazdy po szlakach.<br \/>\nWi\u0119ksze ko\u0142a s\u0105 \u015bwietne na wyboisty teren, utrzymuj\u0105c pr\u0119dko\u015b\u0107 na technicznych podjazdach i oferuj\u0105c pewno\u015b\u0107 jazdy na zjazdach po singlach.<\/p>\n","protected":false},"excerpt":{"rendered":"<p>Nowoczesne szlaki MTB s\u0105 przyjemne, wymagaj\u0105ce i maj\u0105 flow. W pe\u0142ni amortyzowany 29er zjednoczy Ci\u0119 z terenem, daj\u0105c pewno\u015b\u0107 jazdy i wi\u0119cej frajdy.<\/p>\n","protected":false},"featured_media":4502,"comment_status":"open","ping_status":"closed","template":"","meta":{"inline_featured_image":false},"product_cat":[75],"product_tag":[],"_links":{"self":[{"href":"https:\/\/amsports.pl\/index.php?rest_route=\/wp\/v2\/product\/4501"}],"collection":[{"href":"https:\/\/amsports.pl\/index.php?rest_route=\/wp\/v2\/product"}],"about":[{"href":"https:\/\/amsports.pl\/index.php?rest_route=\/wp\/v2\/types\/product"}],"replies":[{"embeddable":true,"href":"https:\/\/amsports.pl\/index.php?rest_route=%2Fwp%2Fv2%2Fcomments&post=4501"}],"wp:featuredmedia":[{"embeddable":true,"href":"https:\/\/amsports.pl\/index.php?rest_route=\/wp\/v2\/media\/4502"}],"wp:attachment":[{"href":"https:\/\/amsports.pl\/index.php?rest_route=%2Fwp%2Fv2%2Fmedia&parent=4501"}],"wp:term":[{"taxonomy":"product_cat","embeddable":true,"href":"https:\/\/amsports.pl\/index.php?rest_route=%2Fwp%2Fv2%2Fproduct_cat&post=4501"},{"taxonomy":"product_tag","embeddable":true,"href":"https:\/\/amsports.pl\/index.php?rest_route=%2Fwp%2Fv2%2Fproduct_tag&post=4501"}],"curies":[{"name":"wp","href":"https:\/\/api.w.org\/{rel}","templated":true}]}}