{"id":4503,"date":"2023-02-07T16:47:11","date_gmt":"2023-02-07T16:47:11","guid":{"rendered":"https:\/\/amsports.pl\/?post_type=product&#038;p=4503"},"modified":"2025-10-15T14:00:09","modified_gmt":"2025-10-15T14:00:09","slug":"giant-revolt-2-black-diamond","status":"publish","type":"product","link":"https:\/\/amsports.pl\/?product=giant-revolt-2-black-diamond","title":{"rendered":"GIANT REVOLT 2  black diamond"},"content":{"rendered":"<p>Ca\u0142kowicie nowy Revolt ma lekk\u0105 aluminiow\u0105 ram\u0119 ALUXX z ulepszon\u0105 geometri\u0105 szutrow\u0105, z d\u0142u\u017cyszm wysi\u0119giem ramy i obni\u017conym \u015brodkiem suportu dla dodatkowej stabilno\u015bci. Flip chip reguluje rozstaw osi i prze\u015bwit na opony. Mo\u017cesz wybra\u0107 do\u0142\u0105czon\u0105 sztyc\u0119 D-Fuse, aby uzyska\u0107 maksymalny komfort lub zmieni\u0107 na okr\u0105g\u0142\u0105 lub regulowan\u0105 sztyc\u0119 30,9 mm wed\u0142ug potrzeb.<\/p>\n<p>Rama z pozycj\u0105 do jazdy d\u0142ugodystansowej i kr\u00f3tsze wide\u0142ki dolne gwarantuj\u0105 precyzyjne sterowanie, zwrotno\u015b\u0107 i kontrol\u0119. D\u0142u\u017cszy wysi\u0119g, kr\u00f3tszy mostek i ni\u017cszy suport zwi\u0119kszaj\u0105 stabilno\u015b\u0107 w wymagaj\u0105cym terenie.<br \/>\nNowa rama posiada cie\u0144sze, opuszczone wide\u0142ki g\u00f3rne, dzi\u0119ki czemu lepiej poch\u0142ania wstrz\u0105sy i drgania. Kierownica i sztyca D-Fuse dzia\u0142aj\u0105 jako system, poch\u0142aniaj\u0105c wstrz\u0105sy bez po\u015bwi\u0119cania sztywno\u015bci podczas skr\u0119cania, sprint\u00f3w czy podje\u017cd\u017cania.<br \/>\nFlip Chip na haku tylnym umo\u017cliwia regulacj\u0119 rozstawu k\u00f3\u0142: kr\u00f3tki gwarantuje szybsze sterowanie i przyspieszanie, a d\u0142ugi wi\u0119ksz\u0105 stabilno\u015b\u0107 przy du\u017cych pr\u0119dko\u015bciach. Ustawienie d\u0142ugie umo\u017cliwia zastosowanie szerszych opon do 53 mm. Maksymaln\u0105 amortyzacj\u0119 zapewnia do\u0142\u0105czona sztyca D-Fuse, ale mo\u017cna te\u017c zamontowa\u0107 okr\u0105g\u0142\u0105 sztyc\u0119 o \u015brednicy 30,9 mm lub sztyc\u0119 regulowan\u0105.<\/p>\n","protected":false},"excerpt":{"rendered":"<p>Zupe\u0142nie nowy, uniwersalny rower aluminiowy na szosy, szutry i drogi gruntowe. Widelec kompozytowy zapewnia p\u0142ynn\u0105 jazd\u0119, a Flip Chip umo\u017cliwia dostosowanie bazy k\u00f3\u0142 i prze\u015bwitu na opony.<\/p>\n","protected":false},"featured_media":4504,"comment_status":"open","ping_status":"closed","template":"","meta":{"inline_featured_image":false},"product_cat":[76],"product_tag":[],"_links":{"self":[{"href":"https:\/\/amsports.pl\/index.php?rest_route=\/wp\/v2\/product\/4503"}],"collection":[{"href":"https:\/\/amsports.pl\/index.php?rest_route=\/wp\/v2\/product"}],"about":[{"href":"https:\/\/amsports.pl\/index.php?rest_route=\/wp\/v2\/types\/product"}],"replies":[{"embeddable":true,"href":"https:\/\/amsports.pl\/index.php?rest_route=%2Fwp%2Fv2%2Fcomments&post=4503"}],"wp:featuredmedia":[{"embeddable":true,"href":"https:\/\/amsports.pl\/index.php?rest_route=\/wp\/v2\/media\/4504"}],"wp:attachment":[{"href":"https:\/\/amsports.pl\/index.php?rest_route=%2Fwp%2Fv2%2Fmedia&parent=4503"}],"wp:term":[{"taxonomy":"product_cat","embeddable":true,"href":"https:\/\/amsports.pl\/index.php?rest_route=%2Fwp%2Fv2%2Fproduct_cat&post=4503"},{"taxonomy":"product_tag","embeddable":true,"href":"https:\/\/amsports.pl\/index.php?rest_route=%2Fwp%2Fv2%2Fproduct_tag&post=4503"}],"curies":[{"name":"wp","href":"https:\/\/api.w.org\/{rel}","templated":true}]}}