{"id":4517,"date":"2023-02-08T11:15:12","date_gmt":"2023-02-08T11:15:12","guid":{"rendered":"https:\/\/amsports.pl\/?post_type=product&#038;p=4517"},"modified":"2025-06-09T15:44:39","modified_gmt":"2025-06-09T15:44:39","slug":"giant-tempt-e-2-eclipse","status":"publish","type":"product","link":"https:\/\/amsports.pl\/?product=giant-tempt-e-2-eclipse","title":{"rendered":"GIANT TEMPT E+ 3  eucalyptus"},"content":{"rendered":"<p>Silnik SyncDrive Core zapewnia p\u0142ynne, natychmiastowe wspomaganie, dzi\u0119ki kt\u00f3remu pokonasz ka\u017cdy rodzaj terenu, dobrze si\u0119 przy tym bawi\u0105c.<br \/>\nLekka rama aluminiowa z geometri\u0105 szlakow\u0105, przednie zawieszenie o skoku 100 mm i stabilne 29-calowe ko\u0142a zapewniaj\u0105 lepsz\u0105 kontrol\u0119 w terenie.<br \/>\nAkumulator EnergyPak z mocowaniem bocznym i pojemno\u015bci\u0105 400 Wh mo\u017cna \u0142atwo \u0142adowa\u0107 za pomoc\u0105 naszej inteligentnej \u0142adowarki 4 A.<br \/>\nZasi\u0119g dla jednego na\u0142adowania akumulatora, mo\u017ce znacznie si\u0119 r\u00f3\u017cni\u0107 w zale\u017cno\u015bci od: warunk\u00f3w zewn\u0119trznych (takich jak temperatura otoczenia i wiatr), rodzaju drogi (np. nachylenie i stan nawierzchni), stanu roweru (np. ci\u015bnienie w ogumieniu i cz\u0119stotliwo\u015b\u0107 serwisowania), masy (rowerzysty, roweru i baga\u017cu), sposobu korzystania z roweru (przyspieszenia i zmiany bieg\u00f3w), stanu baterii itd. Giant zaleca zmiany bieg\u00f3w odpowiednie do pr\u0119dko\u015bci, aby uzyska\u0107 lepszy zasi\u0119g. Do niskich pr\u0119dko\u015bci i do ruszania najlepsze s\u0105 niskie biegi. Im wy\u017csza pr\u0119dko\u015b\u0107, tym wy\u017cszy bieg mo\u017cna wybra\u0107. Aby zapewni\u0107 p\u0142ynne wspomaganie i optymalny zasi\u0119g, najlepiej zwolni\u0107 nacisk na peda\u0142y podczas zmiany bieg\u00f3w.<\/p>\n","protected":false},"excerpt":{"rendered":"<p>Wi\u0119cej ni\u017c tylko spos\u00f3b na przemieszczanie si\u0119 &#8211; TEMPT E+ to wolno\u015b\u0107, zabawa i rado\u015b\u0107.<\/p>\n","protected":false},"featured_media":5658,"comment_status":"open","ping_status":"closed","template":"","meta":{"inline_featured_image":false},"product_cat":[83,75],"product_tag":[],"_links":{"self":[{"href":"https:\/\/amsports.pl\/index.php?rest_route=\/wp\/v2\/product\/4517"}],"collection":[{"href":"https:\/\/amsports.pl\/index.php?rest_route=\/wp\/v2\/product"}],"about":[{"href":"https:\/\/amsports.pl\/index.php?rest_route=\/wp\/v2\/types\/product"}],"replies":[{"embeddable":true,"href":"https:\/\/amsports.pl\/index.php?rest_route=%2Fwp%2Fv2%2Fcomments&post=4517"}],"wp:featuredmedia":[{"embeddable":true,"href":"https:\/\/amsports.pl\/index.php?rest_route=\/wp\/v2\/media\/5658"}],"wp:attachment":[{"href":"https:\/\/amsports.pl\/index.php?rest_route=%2Fwp%2Fv2%2Fmedia&parent=4517"}],"wp:term":[{"taxonomy":"product_cat","embeddable":true,"href":"https:\/\/amsports.pl\/index.php?rest_route=%2Fwp%2Fv2%2Fproduct_cat&post=4517"},{"taxonomy":"product_tag","embeddable":true,"href":"https:\/\/amsports.pl\/index.php?rest_route=%2Fwp%2Fv2%2Fproduct_tag&post=4517"}],"curies":[{"name":"wp","href":"https:\/\/api.w.org\/{rel}","templated":true}]}}