{"id":4595,"date":"2023-02-09T14:32:35","date_gmt":"2023-02-09T14:32:35","guid":{"rendered":"https:\/\/amsports.pl\/?post_type=product&#038;p=4595"},"modified":"2025-03-19T11:21:14","modified_gmt":"2025-03-19T11:21:14","slug":"marin-bolinas-ridge-1-29-niebieski","status":"publish","type":"product","link":"https:\/\/amsports.pl\/?product=marin-bolinas-ridge-1-29-niebieski","title":{"rendered":"MARIN SAN QUENTIN 20&#8221;  bia\u0142o czarny"},"content":{"rendered":"<p>San Quentin 20 stworzyli\u015bmy z my\u015bl\u0105 o dzieciach, kt\u00f3re chc\u0105 odkrywa\u0107 jakie mo\u017cliwo\u015bci ma rower terenowy, czyli zabra\u0107 go na singletracki ale r\u00f3wnie\u017c na przeja\u017cd\u017cki po parku i stylowe przejazdy &#8222;na rejonie&#8221;.<\/p>\n<p>Zar\u00f3wno San Quentin 20\u201d ma aluminiow\u0105 ram\u0119, kt\u00f3r\u0105 w Marin okre\u015blamy jako Series 2. Posiada ona zw\u0119\u017caj\u0105c\u0105 si\u0119 g\u0142\u00f3wk\u0119 ramy, kute haki 3D dla tylnego ko\u0142a, mocowania hamulca IS iraz cz\u0119\u015bciowo wewn\u0119trzne prowadzenie kabli.<\/p>\n<p>Czerpi\u0105c inspiracj\u0119 z pe\u0142norozmiarowych San Quentin\u00f3w wersja 20&#8221; posiada wszystkie zalety rower\u00f3w dirtowych. Posiadaj\u0105 one ogromny przekrok nad g\u00f3rn\u0105 rur\u0105, pi\u0119knie poprowadzone linie ramy i genialne malowania przyci\u0105gaj\u0105ce wzrok.<\/p>\n<p>P\u0142aski k\u0105t g\u0142\u00f3wki ramy w po\u0142\u0105czeniu ze stromym k\u0105tem rury podsiod\u0142owej tworzy geometri\u0119 roweru, kt\u00f3ry doskonale b\u0119dzie podje\u017cd\u017ca\u0142 pod g\u00f3r\u0119, a w d\u00f3\u0142 b\u0119dzie zje\u017cd\u017ca\u0142 jak po szynach. Zr\u00f3wnowa\u017cona pozycja rowerzysty polega na umieszczeniu ci\u0119\u017caru cia\u0142a pomi\u0119dzy ko\u0142ami w celu stabilnego podje\u017cd\u017cania i dobrego prowadzenia na p\u0142askich odcinkach. P\u0142aski k\u0105t g\u0142\u00f3wki ramy poprawia stabilno\u015b\u0107 przy osi\u0105ganiu wi\u0119kszych pr\u0119dko\u015bci w zakr\u0119tach i na trudnej powierzchni.<\/p>\n<p>Nowoczesne uk\u0142ady nap\u0119dowe z jednym blatem z przodu s\u0105 podobne jak w wi\u0119kszych modelach San Quentina. Daj\u0105 one rowerzy\u015bcie same korzy\u015bci p\u0142yn\u0105ce z prostoty zmiany bieg\u00f3w i \u0142atwego utrzymania dobrej linii \u0142a\u0144cucha bez konieczno\u015bci zastanawianie si\u0119 na jakim biegu obecnie si\u0119 jedzie.<\/p>\n","protected":false},"excerpt":{"rendered":"<p>Marin San Quentin 20\u201d, tak jak w wersji dla &#8222;doros\u0142ych dzieci&#8221;, zaciera granic\u0119 pomi\u0119dzy r\u00f3\u017cnymi odmianami kolarstwa g\u00f3rskiego &#8211; mo\u017cesz go zabra\u0107 wsz\u0119dzie, na pumptrack i do bikeparku.<\/p>\n","protected":false},"featured_media":5882,"comment_status":"open","ping_status":"closed","template":"","meta":{"inline_featured_image":false},"product_cat":[82,81],"product_tag":[],"_links":{"self":[{"href":"https:\/\/amsports.pl\/index.php?rest_route=\/wp\/v2\/product\/4595"}],"collection":[{"href":"https:\/\/amsports.pl\/index.php?rest_route=\/wp\/v2\/product"}],"about":[{"href":"https:\/\/amsports.pl\/index.php?rest_route=\/wp\/v2\/types\/product"}],"replies":[{"embeddable":true,"href":"https:\/\/amsports.pl\/index.php?rest_route=%2Fwp%2Fv2%2Fcomments&post=4595"}],"wp:featuredmedia":[{"embeddable":true,"href":"https:\/\/amsports.pl\/index.php?rest_route=\/wp\/v2\/media\/5882"}],"wp:attachment":[{"href":"https:\/\/amsports.pl\/index.php?rest_route=%2Fwp%2Fv2%2Fmedia&parent=4595"}],"wp:term":[{"taxonomy":"product_cat","embeddable":true,"href":"https:\/\/amsports.pl\/index.php?rest_route=%2Fwp%2Fv2%2Fproduct_cat&post=4595"},{"taxonomy":"product_tag","embeddable":true,"href":"https:\/\/amsports.pl\/index.php?rest_route=%2Fwp%2Fv2%2Fproduct_tag&post=4595"}],"curies":[{"name":"wp","href":"https:\/\/api.w.org\/{rel}","templated":true}]}}