{"id":4616,"date":"2023-02-09T16:05:58","date_gmt":"2023-02-09T16:05:58","guid":{"rendered":"https:\/\/amsports.pl\/?post_type=product&#038;p=4616"},"modified":"2025-07-01T16:46:38","modified_gmt":"2025-07-01T16:46:38","slug":"marin-wildcat-trail-3-275-srebrno-niebieski","status":"publish","type":"product","link":"https:\/\/amsports.pl\/?product=marin-wildcat-trail-3-275-srebrno-niebieski","title":{"rendered":"SPECIALIZED CHISEL HT  29  gloss maroon \/ white"},"content":{"rendered":"<div>\n<p>Chisel jest wyposa\u017cony w sprawdzony uk\u0142ad nap\u0119dowy SRAM SX Eagle 1&#215;12, hydrauliczne hamulce tarczowe Level T, widelec RockShox Judy Silver oraz i ko\u0142a z obr\u0119czami o szeroko\u015bci wewn\u0119trznej 25mm wyposa\u017cone w opony 2.35 Fast Track Control.<\/p>\n<\/div>\n<ul>\n<li>Ca\u0142kowicie nowa rama Chisel wykorzystuje nasz\u0105 technologi\u0119 D&#8217;Aluisio Smartweld, kt\u00f3ra oddala hydroformowane po\u0142\u0105czenia rur od obszar\u00f3w o najwi\u0119kszym napr\u0119\u017ceniu, dzi\u0119ki czemu r\u00f3wnowaga pomi\u0119dzy wytrzyma\u0142o\u015bci\u0105 a sztywno\u015bci\u0105 i wagi gotowej ramy jest lepsza ni\u017c u jakiejkolwiek ramy wykonanej ze stopu w historii. To nie tylko sprawia, \u017ce Chisel jest jedn\u0105 z najl\u017cejszych aluminiowych ram typu hardtail o masie zaledwie 1350 g, ale tak\u017ce daje odpowiedni\u0105 sztywno\u015b\u0107 ramy we wszystkich rozmiarach.<\/li>\n<li>Nowy Chisel zawiera r\u00f3wnie\u017c wszystkie nowoczesne ulepszenia, kt\u00f3rych mo\u017cna oczekiwa\u0107 od roweru XC, takie jak geometria Progressive XC z 68-stopniowym k\u0105tem g\u0142\u00f3wki ramy i d\u0142u\u017cszy reach, wewn\u0119trzne prowadzenie kabli, gwintowany suport, standard boost, kompatybilno\u015b\u0107 ze sztyc\u0105 regulowan\u0105 30,9 mm i uk\u0142ady nap\u0119dowe 1x.<\/li>\n<\/ul>\n","protected":false},"excerpt":{"rendered":"<p>Ca\u0142kowicie nowy Chisel zosta\u0142 zaprojektowany specjalnie do pokonywania nowoczesnych tras wy\u015bcigowych i crosscountry z najwy\u017csz\u0105 pr\u0119dko\u015bci\u0105. Wyposa\u017cyli\u015bmy go w liczne nowo\u015bci techniczne, kt\u00f3re posiada jego brat Epic Hardtail, ale w bardziej przyst\u0119pnej cenie &#8211; co czyni go najbardziej wydajnym i zwinnym hardtailem wykonanym ze stopu na rynku.<\/p>\n","protected":false},"featured_media":5903,"comment_status":"open","ping_status":"closed","template":"","meta":{"inline_featured_image":false},"product_cat":[75],"product_tag":[],"_links":{"self":[{"href":"https:\/\/amsports.pl\/index.php?rest_route=\/wp\/v2\/product\/4616"}],"collection":[{"href":"https:\/\/amsports.pl\/index.php?rest_route=\/wp\/v2\/product"}],"about":[{"href":"https:\/\/amsports.pl\/index.php?rest_route=\/wp\/v2\/types\/product"}],"replies":[{"embeddable":true,"href":"https:\/\/amsports.pl\/index.php?rest_route=%2Fwp%2Fv2%2Fcomments&post=4616"}],"wp:featuredmedia":[{"embeddable":true,"href":"https:\/\/amsports.pl\/index.php?rest_route=\/wp\/v2\/media\/5903"}],"wp:attachment":[{"href":"https:\/\/amsports.pl\/index.php?rest_route=%2Fwp%2Fv2%2Fmedia&parent=4616"}],"wp:term":[{"taxonomy":"product_cat","embeddable":true,"href":"https:\/\/amsports.pl\/index.php?rest_route=%2Fwp%2Fv2%2Fproduct_cat&post=4616"},{"taxonomy":"product_tag","embeddable":true,"href":"https:\/\/amsports.pl\/index.php?rest_route=%2Fwp%2Fv2%2Fproduct_tag&post=4616"}],"curies":[{"name":"wp","href":"https:\/\/api.w.org\/{rel}","templated":true}]}}