{"id":4624,"date":"2023-02-10T11:29:57","date_gmt":"2023-02-10T11:29:57","guid":{"rendered":"https:\/\/amsports.pl\/?post_type=product&#038;p=4624"},"modified":"2025-07-07T12:42:08","modified_gmt":"2025-07-07T12:42:08","slug":"specialized-align-ii-satin-white","status":"publish","type":"product","link":"https:\/\/amsports.pl\/?product=specialized-align-ii-satin-white","title":{"rendered":"SPECIALIZED ALIGN  II  satin white"},"content":{"rendered":"<p>W\u0142\u0105czaj\u0105c MIPS i zdobywaj\u0105c pi\u0119ciogwiazdkow\u0105 ocen\u0119 kasku Virginia Tech\u00ae, nie rezygnowali\u015bmy z komfortu \u2014 Align II zawiera system dopasowania Headset SX do \u0142atwej regulacji dopasowania, nasz system ch\u0142odzenia 4th Dimension i \u0142atwy system dopasowania. Je\u015bli szukasz bogatego w funkcje kasku, kt\u00f3ry pozostawia w kieszeni troch\u0119 pieni\u0119dzy, Align II jest dla Ciebie.<br \/>\nAlign II zdoby\u0142 najwy\u017csz\u0105 5-gwiazdkow\u0105 ocen\u0119 kasku Virginia Tech\u00ae od \u015bwiatowej s\u0142awy Virginia Polytechnic Institute i State University.<br \/>\nSystem MIPS to warstwa o niskim wsp\u00f3\u0142czynniku tarcia, kt\u00f3ra umo\u017cliwia ruch \u015blizgowy od 10 do 15 mm we wszystkich kierunkach. Badania wskazuj\u0105, \u017ce zmniejsza to cz\u0119\u015b\u0107 si\u0142 obrotowych przenoszonych na m\u00f3zg podczas uderze\u0144 pod k\u0105tem.<br \/>\n\u0141atwo regulowany, jednorozmiarowy system dopasowania Headset SX zosta\u0142 zaprojektowany z my\u015bl\u0105 o \u0142atwym i dok\u0142adnym dopasowaniu do r\u00f3\u017cnych rozmiar\u00f3w g\u0142owy. Mikroregulowane pokr\u0119t\u0142o do regulacji w czasie jazdy zapewnia \u0142atwe, bezpieczne i dok\u0142adne dopasowanie.<br \/>\nSystem ch\u0142odzenia 4th Dimension optymalizuje wentylacj\u0119.<br \/>\nFormowana pow\u0142oka poprawia wytrzyma\u0142o\u015b\u0107 i zmniejsza mas\u0119.<br \/>\nNaklejki odblaskowe dla lepszej widoczno\u015bci w warunkach s\u0142abego o\u015bwietlenia.<\/p>\n","protected":false},"excerpt":{"rendered":"<p>Czysta estetyka, wygodne dopasowanie i przyst\u0119pna cena \u2014 oto, co sk\u0142ada si\u0119 na Align II. Wyr\u00f3\u017cniaj\u0105c\u0105 cech\u0105 Align II jest w\u0142\u0105czenie wielokierunkowego systemu ochrony przed uderzeniami (MIPS).<\/p>\n","protected":false},"featured_media":4625,"comment_status":"open","ping_status":"closed","template":"","meta":{"inline_featured_image":false},"product_cat":[117,118],"product_tag":[],"_links":{"self":[{"href":"https:\/\/amsports.pl\/index.php?rest_route=\/wp\/v2\/product\/4624"}],"collection":[{"href":"https:\/\/amsports.pl\/index.php?rest_route=\/wp\/v2\/product"}],"about":[{"href":"https:\/\/amsports.pl\/index.php?rest_route=\/wp\/v2\/types\/product"}],"replies":[{"embeddable":true,"href":"https:\/\/amsports.pl\/index.php?rest_route=%2Fwp%2Fv2%2Fcomments&post=4624"}],"wp:featuredmedia":[{"embeddable":true,"href":"https:\/\/amsports.pl\/index.php?rest_route=\/wp\/v2\/media\/4625"}],"wp:attachment":[{"href":"https:\/\/amsports.pl\/index.php?rest_route=%2Fwp%2Fv2%2Fmedia&parent=4624"}],"wp:term":[{"taxonomy":"product_cat","embeddable":true,"href":"https:\/\/amsports.pl\/index.php?rest_route=%2Fwp%2Fv2%2Fproduct_cat&post=4624"},{"taxonomy":"product_tag","embeddable":true,"href":"https:\/\/amsports.pl\/index.php?rest_route=%2Fwp%2Fv2%2Fproduct_tag&post=4624"}],"curies":[{"name":"wp","href":"https:\/\/api.w.org\/{rel}","templated":true}]}}