{"id":4632,"date":"2023-02-10T11:48:20","date_gmt":"2023-02-10T11:48:20","guid":{"rendered":"https:\/\/amsports.pl\/?post_type=product&#038;p=4632"},"modified":"2026-02-11T13:46:41","modified_gmt":"2026-02-11T13:46:41","slug":"specialized-align-ii-matte-vivid-coral-wild","status":"publish","type":"product","link":"https:\/\/amsports.pl\/?product=specialized-align-ii-matte-vivid-coral-wild","title":{"rendered":"SPECIALIZED MODE matte white sage"},"content":{"rendered":"<ul>\n<li>\n<p class=\"sc-6660ae47-17 hktwbQ\">Zintegrowane otwory wentylacyjne pomagaj\u0105 och\u0142odzi\u0107 g\u0142ow\u0119, gdy jest bardzo ciep\u0142o.<\/p>\n<\/li>\n<li>\n<p class=\"sc-6660ae47-17 hktwbQ\">Zintegrowany system regulacji dopasowania zapewnia idealne dopasowanie.<\/p>\n<\/li>\n<li>\n<p class=\"sc-6660ae47-17 hktwbQ\">Model Mode jest oferowany w trzech rozmiarach i dw\u00f3ch opcjach dopasowania do g\u0142owy Classic SBC i Round Fit.<\/p>\n<\/li>\n<li>\n<p class=\"sc-6660ae47-17 hktwbQ\">Mode uzyska\u0142 najwy\u017csz\u0105 ocen\u0119 5-gwiazdek Virginia Tech\u00ae Helmet Rating\u2122 od renomowanego na ca\u0142ym \u015bwiecie Instytutu Politechniki w Wirginii i Uniwersytetu Stanowego.<\/p>\n<\/li>\n<li>\n<p class=\"sc-6660ae47-17 hktwbQ\">Niezale\u017cnie od tego, czy je\u017adzisz zwyk\u0142ym czy elektrycznym rowerem Mode spe\u0142nia holenderski standard e-roweru NTA8776, dzi\u0119ki czemu mo\u017cesz czu\u0107 si\u0119 bezpiecznie.<\/p>\n<\/li>\n<li>\n<p class=\"sc-6660ae47-17 hktwbQ\">Odblaskowe naklejki i kompatybilno\u015b\u0107 ze Stix Light zapewniaj\u0105 widoczno\u015b\u0107 w dzie\u0144 i w nocy.<\/p>\n<\/li>\n<li>\n<p class=\"sc-6660ae47-17 hktwbQ\">Wyposa\u017cony w MIPS, gotowy do monta\u017cu ANGi.<\/p>\n<\/li>\n<\/ul>\n","protected":false},"excerpt":{"rendered":"<p>Najbardziej zaawansowana technologia w Twoim rowerze to ta, kt\u00f3ra chroni Twoj\u0105 g\u0142ow\u0119. W\u0142a\u015bnie dlatego nowy kask Mode zosta\u0142 zaprojektowany tak, aby pasowa\u0142 idealnie, aby\u015b czu\u0142 si\u0119 i wygl\u0105da\u0142 fajnie. Jego czyste, eleganckie linie zapewniaj\u0105 wi\u0119cej ni\u017c nowoczesny styl, a wbudowane ukryte otwory wentylacyjne, kt\u00f3re zwi\u0119kszaj\u0105 przep\u0142yw powietrza, zapewniaj\u0105 ch\u0142\u00f3d, nawet gdy temperatura wzrasta. Zintegrowany system regulacji dopasowania pozawala idealnie dopasowa\u0107 kask. Zmierz si\u0119 z miastem, \u015bmia\u0142o, dzi\u0119ki Mode.<\/p>\n","protected":false},"featured_media":6067,"comment_status":"open","ping_status":"closed","template":"","meta":{"inline_featured_image":false},"product_cat":[117,118],"product_tag":[],"_links":{"self":[{"href":"https:\/\/amsports.pl\/index.php?rest_route=\/wp\/v2\/product\/4632"}],"collection":[{"href":"https:\/\/amsports.pl\/index.php?rest_route=\/wp\/v2\/product"}],"about":[{"href":"https:\/\/amsports.pl\/index.php?rest_route=\/wp\/v2\/types\/product"}],"replies":[{"embeddable":true,"href":"https:\/\/amsports.pl\/index.php?rest_route=%2Fwp%2Fv2%2Fcomments&post=4632"}],"wp:featuredmedia":[{"embeddable":true,"href":"https:\/\/amsports.pl\/index.php?rest_route=\/wp\/v2\/media\/6067"}],"wp:attachment":[{"href":"https:\/\/amsports.pl\/index.php?rest_route=%2Fwp%2Fv2%2Fmedia&parent=4632"}],"wp:term":[{"taxonomy":"product_cat","embeddable":true,"href":"https:\/\/amsports.pl\/index.php?rest_route=%2Fwp%2Fv2%2Fproduct_cat&post=4632"},{"taxonomy":"product_tag","embeddable":true,"href":"https:\/\/amsports.pl\/index.php?rest_route=%2Fwp%2Fv2%2Fproduct_tag&post=4632"}],"curies":[{"name":"wp","href":"https:\/\/api.w.org\/{rel}","templated":true}]}}