{"id":4643,"date":"2023-02-10T12:37:01","date_gmt":"2023-02-10T12:37:01","guid":{"rendered":"https:\/\/amsports.pl\/?post_type=product&#038;p=4643"},"modified":"2024-07-24T11:21:41","modified_gmt":"2024-07-24T11:21:41","slug":"specialized-tone-smoke","status":"publish","type":"product","link":"https:\/\/amsports.pl\/?product=specialized-tone-smoke","title":{"rendered":"SPECIALIZED TONE  smoke"},"content":{"rendered":"<p>Zintegrowany system dopasowania z regulacj\u0105 za pomoc\u0105 pask\u00f3w Tri-fix sprawia, \u017ce \u0142atwo jest dopasowa\u0107 kask i ruszy\u0107 w drog\u0119, a wewn\u0119trzne kana\u0142y utrzymuj\u0105 komfortowy ruch powietrza podczas szybkiej jazdy. Tone zagwarantuje ci spok\u00f3j duszy i b\u0119dzie twoim towarzyszem we wszystkich sytuacjach, od codziennych dojazd\u00f3w do pracy po d\u0142u\u017csze wyprawy.<br \/>\n\u0141atwy w obs\u0142udze system dopasowania Headset SX z regulowanymi paskami Tri-Fix zapewnia proste i dok\u0142adne dopasowanie.<br \/>\nTone jest oferowany w trzech rozmiarach, w klasycznym kszta\u0142cie Classic SBC.<br \/>\nKask Tone uzyska\u0142 najwy\u017csz\u0105 ocen\u0119 5 gwiazdek w rankingu Virginia Tech\u00ae Helmet Rating\u2122 organizowanym przez znany na ca\u0142ym \u015bwiecie uniwersytet Virginia Polytechnic Institute and State University.<br \/>\nElementy odblaskowe zapewniaj\u0105 bezproblemow\u0105 widoczno\u015b\u0107 w dzie\u0144 i w nocy.<br \/>\nWyposa\u017cony w system MIPS, czyli warstw\u0119 o niskim wsp\u00f3\u0142czynniku tarcia, kt\u00f3ra umo\u017cliwia ruch \u015blizgowy od 10 do 15 mm we wszystkich kierunkach. Badania wykazuj\u0105, \u017ce zmniejsza to niekt\u00f3re z si\u0142 rotacyjnych przenoszonych na m\u00f3zg podczas uderze\u0144 pod k\u0105tem.<br \/>\nMo\u017ce zosta\u0107 wyposa\u017cony w czujnik zderzeniowy ANGi.<\/p>\n","protected":false},"excerpt":{"rendered":"<p>Kask Tone wygl\u0105da dobrze, a dzia\u0142a jeszcze lepiej. Zosta\u0142 on zaprojektowany z my\u015bl\u0105 o dobrym wygl\u0105dzie oraz niezawodno\u015bci i na nowo definiuje to, jak powinien wygl\u0105da\u0107 \u015bwietny kask rowerowy.<\/p>\n","protected":false},"featured_media":4644,"comment_status":"open","ping_status":"closed","template":"","meta":{"inline_featured_image":false},"product_cat":[117,118],"product_tag":[],"_links":{"self":[{"href":"https:\/\/amsports.pl\/index.php?rest_route=\/wp\/v2\/product\/4643"}],"collection":[{"href":"https:\/\/amsports.pl\/index.php?rest_route=\/wp\/v2\/product"}],"about":[{"href":"https:\/\/amsports.pl\/index.php?rest_route=\/wp\/v2\/types\/product"}],"replies":[{"embeddable":true,"href":"https:\/\/amsports.pl\/index.php?rest_route=%2Fwp%2Fv2%2Fcomments&post=4643"}],"wp:featuredmedia":[{"embeddable":true,"href":"https:\/\/amsports.pl\/index.php?rest_route=\/wp\/v2\/media\/4644"}],"wp:attachment":[{"href":"https:\/\/amsports.pl\/index.php?rest_route=%2Fwp%2Fv2%2Fmedia&parent=4643"}],"wp:term":[{"taxonomy":"product_cat","embeddable":true,"href":"https:\/\/amsports.pl\/index.php?rest_route=%2Fwp%2Fv2%2Fproduct_cat&post=4643"},{"taxonomy":"product_tag","embeddable":true,"href":"https:\/\/amsports.pl\/index.php?rest_route=%2Fwp%2Fv2%2Fproduct_tag&post=4643"}],"curies":[{"name":"wp","href":"https:\/\/api.w.org\/{rel}","templated":true}]}}