{"id":4649,"date":"2023-02-10T12:51:54","date_gmt":"2023-02-10T12:51:54","guid":{"rendered":"https:\/\/amsports.pl\/?post_type=product&#038;p=4649"},"modified":"2025-07-07T12:44:37","modified_gmt":"2025-07-07T12:44:37","slug":"specialized-tactic-oak-green","status":"publish","type":"product","link":"https:\/\/amsports.pl\/?product=specialized-tactic-oak-green","title":{"rendered":"SPECIALIZED TACTIC  oak green"},"content":{"rendered":"<p>Kask Tactic dzi\u0119ki precyzyjnej regulacji idealnie pasuje do ka\u017cdego kszta\u0142tu glowy.<br \/>\nPrecyzyjna regulacja dopasowania zapewnia wygod\u0119 i idealn\u0105 synchronizacj\u0119 gogli z kaskiem.<br \/>\nZintegrowany daszek poprawia widoczno\u015b\u0107 na szlaku.<br \/>\nSpecjalnie zaprojektowane otwory na okulary zapewniaj\u0105 miejsce do przechowywania ich kiedy nie s\u0105 u\u017cywane.<br \/>\nTri-Fix dla wi\u0119kszego komfortu i lepszego dopasowania.<br \/>\nMasa 380 gram\u00f3w dla rozmiaru M.<br \/>\nIdealna wentylacja kasku dzi\u0119ki wykorzystaniu technologii Computational Fluid Dynamic.<br \/>\nDu\u017cy, centralny kana\u0142 odprowadza ciep\u0142o z g\u0142owy.<br \/>\nSystem 4D poprawia przep\u0142yw powietrza przez kask przy ka\u017cdej pr\u0119dko\u015bci.<br \/>\nNiezale\u017cnie od tego, czy je\u017adzisz na zwyk\u0142ym rowerze czy e-MTB, Tactic spe\u0142nia norm\u0119 e-bike Standard NTA8776, dzi\u0119ki czemu mo\u017cesz bez obaw u\u017cywa\u0107 go na ka\u017cdym rowerze.<\/p>\n","protected":false},"excerpt":{"rendered":"<p>Nowy Tactic. Dzi\u0119ki po\u0142\u0105czeniu dopasowania i wentylacji, kask zapewnia wyj\u0105tkow\u0105 ochron\u0119 i bezproblemow\u0105 integracj\u0119 z goglami lub okularami.<\/p>\n","protected":false},"featured_media":4650,"comment_status":"open","ping_status":"closed","template":"","meta":{"inline_featured_image":false},"product_cat":[117,118],"product_tag":[],"_links":{"self":[{"href":"https:\/\/amsports.pl\/index.php?rest_route=\/wp\/v2\/product\/4649"}],"collection":[{"href":"https:\/\/amsports.pl\/index.php?rest_route=\/wp\/v2\/product"}],"about":[{"href":"https:\/\/amsports.pl\/index.php?rest_route=\/wp\/v2\/types\/product"}],"replies":[{"embeddable":true,"href":"https:\/\/amsports.pl\/index.php?rest_route=%2Fwp%2Fv2%2Fcomments&post=4649"}],"wp:featuredmedia":[{"embeddable":true,"href":"https:\/\/amsports.pl\/index.php?rest_route=\/wp\/v2\/media\/4650"}],"wp:attachment":[{"href":"https:\/\/amsports.pl\/index.php?rest_route=%2Fwp%2Fv2%2Fmedia&parent=4649"}],"wp:term":[{"taxonomy":"product_cat","embeddable":true,"href":"https:\/\/amsports.pl\/index.php?rest_route=%2Fwp%2Fv2%2Fproduct_cat&post=4649"},{"taxonomy":"product_tag","embeddable":true,"href":"https:\/\/amsports.pl\/index.php?rest_route=%2Fwp%2Fv2%2Fproduct_tag&post=4649"}],"curies":[{"name":"wp","href":"https:\/\/api.w.org\/{rel}","templated":true}]}}