{"id":4653,"date":"2023-02-10T12:55:48","date_gmt":"2023-02-10T12:55:48","guid":{"rendered":"https:\/\/amsports.pl\/?post_type=product&#038;p=4653"},"modified":"2023-02-10T13:00:34","modified_gmt":"2023-02-10T13:00:34","slug":"specialized-ambush-comp-gloss-acid-pink-linear-fade","status":"publish","type":"product","link":"https:\/\/amsports.pl\/?product=specialized-ambush-comp-gloss-acid-pink-linear-fade","title":{"rendered":"SPECIALIZED AMBUSH COMP  gloss acid pink linear fade"},"content":{"rendered":"<p>Ambush Comp chroni g\u0142ow\u0119 z ka\u017cdej strony, a ewentualne wstrz\u0105sy skutecznie t\u0142umi pianka os\u0142oni\u0119ta od wewn\u0105trz materia\u0142em Composite Matrix. Pianka ma sta\u0142\u0105 g\u0119sto\u015b\u0107, a wraz z kompozytowym wzmocnieniem efektywnie poch\u0142ania energi\u0119 uderzenia. Pomimo dodatkowej ochrony kask \u015bwietnie le\u017cy, dzi\u0119ki zastosowaniu kompletnego systemu Mindset 360. Osiem ustawie\u0144 wysoko\u015bci zapewnia idealne dopasowanie, a praktyczne pokr\u0119t\u0142o pozwala szybko dopasowa\u0107 kask w trakcie jazdy. Ambush Comp to r\u00f3wnie\u017c znakomita wentylacja i ch\u0142odzenie 4th Dimension z du\u017cymi otworami wlotowymi i wylotowymi, zapobiegaj\u0105cymi przegrzaniu nawet w najgor\u0119tsze dni.<br \/>\nKask posiada r\u00f3wnie\u017c os\u0142onk\u0119 z precyzyjn\u0105 regulacj\u0105, pod kt\u00f3r\u0105 bez problemu zmieszcz\u0105 si\u0119 okulary przeciws\u0142oneczne. Po zsumowaniu wszystkich cech trudno znale\u017a\u0107 godnego konkurenta dla Ambush Comp.<\/p>\n","protected":false},"excerpt":{"rendered":"<p>Przy szybkiej je\u017adzie na szlaku nie ma czasu na zastanawianie si\u0119, czy kask sprawdzi si\u0119 w razie wypadku. A z drugiej strony, zak\u0142adanie pe\u0142nego kasku na ka\u017cd\u0105 przeja\u017cd\u017ck\u0119 jest lekk\u0105 przesad\u0105. Dlatego skonstruowali\u015bmy Ambush Comp &#8211; lekki kask z dodatkow\u0105 ochron\u0105 w przyst\u0119pnej cenie.<\/p>\n","protected":false},"featured_media":4654,"comment_status":"open","ping_status":"closed","template":"","meta":{"inline_featured_image":false},"product_cat":[117,118],"product_tag":[],"_links":{"self":[{"href":"https:\/\/amsports.pl\/index.php?rest_route=\/wp\/v2\/product\/4653"}],"collection":[{"href":"https:\/\/amsports.pl\/index.php?rest_route=\/wp\/v2\/product"}],"about":[{"href":"https:\/\/amsports.pl\/index.php?rest_route=\/wp\/v2\/types\/product"}],"replies":[{"embeddable":true,"href":"https:\/\/amsports.pl\/index.php?rest_route=%2Fwp%2Fv2%2Fcomments&post=4653"}],"wp:featuredmedia":[{"embeddable":true,"href":"https:\/\/amsports.pl\/index.php?rest_route=\/wp\/v2\/media\/4654"}],"wp:attachment":[{"href":"https:\/\/amsports.pl\/index.php?rest_route=%2Fwp%2Fv2%2Fmedia&parent=4653"}],"wp:term":[{"taxonomy":"product_cat","embeddable":true,"href":"https:\/\/amsports.pl\/index.php?rest_route=%2Fwp%2Fv2%2Fproduct_cat&post=4653"},{"taxonomy":"product_tag","embeddable":true,"href":"https:\/\/amsports.pl\/index.php?rest_route=%2Fwp%2Fv2%2Fproduct_tag&post=4653"}],"curies":[{"name":"wp","href":"https:\/\/api.w.org\/{rel}","templated":true}]}}