{"id":4657,"date":"2023-02-10T13:07:43","date_gmt":"2023-02-10T13:07:43","guid":{"rendered":"https:\/\/amsports.pl\/?post_type=product&#038;p=4657"},"modified":"2025-07-07T12:49:54","modified_gmt":"2025-07-07T12:49:54","slug":"bell-travers-speed-gloss-green-slate","status":"publish","type":"product","link":"https:\/\/amsports.pl\/?product=bell-travers-speed-gloss-green-slate","title":{"rendered":"BELL TRAVERS speed gloss green slate"},"content":{"rendered":"<p>Dzi\u0119ki wysokiej jako\u015bci formowanej konstrukcji z poliw\u0119glanu i przyst\u0119pnemu stylowi, Traverse jest wszechstronnym kaskiem, kt\u00f3ry daje wiele opcji. Idealny do trening\u00f3w, wycieczek przygodowych, przeja\u017cd\u017cek rodzinnych po okolicy. System dopasowania Ergo Fit oferuje odchudzone, \u0142atwe w u\u017cyciu pokr\u0119t\u0142o do regulacji, a do tego nieskr\u0119caj\u0105ce si\u0119 paski aby kask jeszcze lepiej przylega\u0142. Kask zapewnia du\u017cy komfort oraz wentylacj\u0119.<br \/>\nILO\u015a\u0106 OTWOR\u00d3W WENTYLACYJNYCH: 25<br \/>\nZGODNO\u015a\u0106 Z NORM\u0104: CPSC Bicycle<br \/>\nKONSTRUKCJA: Po\u0142\u0105czenie poliw\u0119glanowej skorupy w procesie In-Mold &#8211; Proces, kt\u00f3rego pionierem jest Bell, \u0142\u0105czy zewn\u0119trzn\u0105 skorup\u0119 kasku z konstrukcj\u0105 z pianki EPS, tworz\u0105c mocniejszy kask.<br \/>\nDASZEK: Odpinany.<br \/>\nSYSTEM DOPASOWANIA: Ergo Fit &#8211; Elegancki, \u0142atwy w u\u017cyciu system dopasowania, umo\u017cliwiaj\u0105cy regulacj\u0119 jedn\u0105 r\u0119k\u0105.<br \/>\nPASKI MOCUJ\u0104CE: Szybko regulowane klamry, kt\u00f3re pomagaj\u0105 utrzyma\u0107 paski p\u0142asko i odpowiednio u\u0142o\u017cone. Niska waga pask\u00f3w.<br \/>\nWAGA: 289 gram<br \/>\nROZMIARY: Uniwersalny (54\u201361 cm)<\/p>\n","protected":false},"excerpt":{"rendered":"<p>Ten uniwersalny kask ma wysokiej jako\u015bci skorup\u0119 z poliw\u0119glanu i wygodny, \u0142atwo regulowany system dopasowania.<\/p>\n","protected":false},"featured_media":4658,"comment_status":"open","ping_status":"closed","template":"","meta":{"inline_featured_image":false},"product_cat":[117,118],"product_tag":[],"_links":{"self":[{"href":"https:\/\/amsports.pl\/index.php?rest_route=\/wp\/v2\/product\/4657"}],"collection":[{"href":"https:\/\/amsports.pl\/index.php?rest_route=\/wp\/v2\/product"}],"about":[{"href":"https:\/\/amsports.pl\/index.php?rest_route=\/wp\/v2\/types\/product"}],"replies":[{"embeddable":true,"href":"https:\/\/amsports.pl\/index.php?rest_route=%2Fwp%2Fv2%2Fcomments&post=4657"}],"wp:featuredmedia":[{"embeddable":true,"href":"https:\/\/amsports.pl\/index.php?rest_route=\/wp\/v2\/media\/4658"}],"wp:attachment":[{"href":"https:\/\/amsports.pl\/index.php?rest_route=%2Fwp%2Fv2%2Fmedia&parent=4657"}],"wp:term":[{"taxonomy":"product_cat","embeddable":true,"href":"https:\/\/amsports.pl\/index.php?rest_route=%2Fwp%2Fv2%2Fproduct_cat&post=4657"},{"taxonomy":"product_tag","embeddable":true,"href":"https:\/\/amsports.pl\/index.php?rest_route=%2Fwp%2Fv2%2Fproduct_tag&post=4657"}],"curies":[{"name":"wp","href":"https:\/\/api.w.org\/{rel}","templated":true}]}}