{"id":4675,"date":"2023-02-10T14:09:56","date_gmt":"2023-02-10T14:09:56","guid":{"rendered":"https:\/\/amsports.pl\/?post_type=product&#038;p=4675"},"modified":"2023-02-10T14:14:14","modified_gmt":"2023-02-10T14:14:14","slug":"bell-spark-blue","status":"publish","type":"product","link":"https:\/\/amsports.pl\/?product=bell-spark-blue","title":{"rendered":"BELL SPARK  blue"},"content":{"rendered":"<p>Dzi\u0119ki eleganckiemu wzornictwu z rozszerzonym pokryciem g\u0142owy i zintegrowanemu daszkowi, Spark tworzy czysty design i dobrze wentylowany kszta\u0142t z doskona\u0142ym dopasowaniem i lepsz\u0105 ochron\u0105. Zaprojektowany z my\u015bl\u0105 o ambitnych rowerzystach, Spark pozwoli Ci poczu\u0107 si\u0119 pewnie.<br \/>\nILO\u015a\u0106 OTWOR\u00d3W WENTYLACYJNYCH: 13<br \/>\nZGODNO\u015a\u0106 Z NORM\u0104: CPSC Bicycle<br \/>\nKONSTRUKCJA: Po\u0142\u0105czenie poliw\u0119glanowej skorupy w procesie In-Mold &#8211; Proces, kt\u00f3rego pionierem jest Bell, \u0142\u0105czy zewn\u0119trzn\u0105 skorup\u0119 kasku z konstrukcj\u0105 z pianki EPS, tworz\u0105c mocniejszy kask.<br \/>\nDASZEK: Zintegrowany<br \/>\nSYSTEM DOPASOWANIA: Ergo Fit &#8211; Elegancki, \u0142atwy w u\u017cyciu system dopasowania, umo\u017cliwiaj\u0105cy regulacj\u0119 jedn\u0105 r\u0119k\u0105.<br \/>\nPASKI MOCUJ\u0104CE: Szybko regulowane klamry, kt\u00f3re pomagaj\u0105 utrzyma\u0107 paski p\u0142asko i odpowiednio u\u0142o\u017cone. Niska waga pask\u00f3w.<br \/>\nWN\u0118TRZE: Konstrukcja wk\u0142adek odprowadza wilgo\u0107 z miejsca wk\u0142adki brwiowej i zdala od okular\u00f3w.<br \/>\nWAGA: 365 gram (dla rozmiaru uniwersalnego)<br \/>\nROZMIARY:  Uniwersalny (54-61 cm)<\/p>\n","protected":false},"excerpt":{"rendered":"<p>Zaprojektowany, aby spe\u0142ni\u0107 potrzeby rowerzyst\u00f3w bez \u017cadnych kompromis\u00f3w, nowy Spark zapewnia dopasowanie, funkcjonalno\u015b\u0107, bezpiecze\u0144stwo i styl.<\/p>\n","protected":false},"featured_media":4676,"comment_status":"open","ping_status":"closed","template":"","meta":{"inline_featured_image":false},"product_cat":[117,118],"product_tag":[],"_links":{"self":[{"href":"https:\/\/amsports.pl\/index.php?rest_route=\/wp\/v2\/product\/4675"}],"collection":[{"href":"https:\/\/amsports.pl\/index.php?rest_route=\/wp\/v2\/product"}],"about":[{"href":"https:\/\/amsports.pl\/index.php?rest_route=\/wp\/v2\/types\/product"}],"replies":[{"embeddable":true,"href":"https:\/\/amsports.pl\/index.php?rest_route=%2Fwp%2Fv2%2Fcomments&post=4675"}],"wp:featuredmedia":[{"embeddable":true,"href":"https:\/\/amsports.pl\/index.php?rest_route=\/wp\/v2\/media\/4676"}],"wp:attachment":[{"href":"https:\/\/amsports.pl\/index.php?rest_route=%2Fwp%2Fv2%2Fmedia&parent=4675"}],"wp:term":[{"taxonomy":"product_cat","embeddable":true,"href":"https:\/\/amsports.pl\/index.php?rest_route=%2Fwp%2Fv2%2Fproduct_cat&post=4675"},{"taxonomy":"product_tag","embeddable":true,"href":"https:\/\/amsports.pl\/index.php?rest_route=%2Fwp%2Fv2%2Fproduct_tag&post=4675"}],"curies":[{"name":"wp","href":"https:\/\/api.w.org\/{rel}","templated":true}]}}