{"id":4680,"date":"2023-02-10T14:41:02","date_gmt":"2023-02-10T14:41:02","guid":{"rendered":"https:\/\/amsports.pl\/?post_type=product&#038;p=4680"},"modified":"2024-07-24T11:03:15","modified_gmt":"2024-07-24T11:03:15","slug":"bell-vert-scarab-dark-green","status":"publish","type":"product","link":"https:\/\/amsports.pl\/?product=bell-vert-scarab-dark-green","title":{"rendered":"BELL VERT   scarab dark green"},"content":{"rendered":"<p>Kask BELL, dzi\u0119ki ergonomicznej budowie oraz dzi\u0119ki systemowi dopasowania sprawia, doskonale dopasowuje si\u0119 do Twojej g\u0142owy. Specjalnie zaprojektowana wentylacja zapewni komfort nawet podczas d\u0142u\u017cszych wypraw.<br \/>\nILO\u015a\u0106 OTWOR\u00d3W WENTYLACYJNYCH: 15<br \/>\nKONSTRUKCJA: Po\u0142\u0105czenie poliw\u0119glanowej skorupy w procesie In-Mold &#8211; Proces, kt\u00f3rego pionierem jest Bell, \u0142\u0105czy zewn\u0119trzn\u0105 skorup\u0119 kasku z konstrukcj\u0105 z pianki EPS, tworz\u0105c mocniejszy kask.<br \/>\nDASZEK: Odpinany<br \/>\nSYSTEM DOPASOWANIA: Ergo Fit &#8211; Elegancki, \u0142atwy w u\u017cyciu system dopasowania, umo\u017cliwiaj\u0105cy regulacj\u0119 jedn\u0105 r\u0119k\u0105.<br \/>\nPASKI MOCUJ\u0104CE: Szybko regulowane klamry, kt\u00f3re pomagaj\u0105 utrzyma\u0107 paski p\u0142asko i odpowiednio u\u0142o\u017cone.<br \/>\nWN\u0118TRZE: Konstrukcja wk\u0142adek odprowadza wilgo\u0107<br \/>\nROZMIARY: Uniwersalny (53\u201360 cm)<\/p>\n","protected":false},"excerpt":{"rendered":"<p>Bell Vert to niezwykle uniwersalny kask. Wysoki poziom ochrony g\u0142owy oraz bardzo dobra wentylacja sprawiaj\u0105, \u017ce sprawdzi si\u0119 zar\u00f3wno do MTB, jak i w mie\u015bcie, na gravelu lub nawet szosie.<\/p>\n","protected":false},"featured_media":4681,"comment_status":"open","ping_status":"closed","template":"","meta":{"inline_featured_image":false},"product_cat":[117,118],"product_tag":[],"_links":{"self":[{"href":"https:\/\/amsports.pl\/index.php?rest_route=\/wp\/v2\/product\/4680"}],"collection":[{"href":"https:\/\/amsports.pl\/index.php?rest_route=\/wp\/v2\/product"}],"about":[{"href":"https:\/\/amsports.pl\/index.php?rest_route=\/wp\/v2\/types\/product"}],"replies":[{"embeddable":true,"href":"https:\/\/amsports.pl\/index.php?rest_route=%2Fwp%2Fv2%2Fcomments&post=4680"}],"wp:featuredmedia":[{"embeddable":true,"href":"https:\/\/amsports.pl\/index.php?rest_route=\/wp\/v2\/media\/4681"}],"wp:attachment":[{"href":"https:\/\/amsports.pl\/index.php?rest_route=%2Fwp%2Fv2%2Fmedia&parent=4680"}],"wp:term":[{"taxonomy":"product_cat","embeddable":true,"href":"https:\/\/amsports.pl\/index.php?rest_route=%2Fwp%2Fv2%2Fproduct_cat&post=4680"},{"taxonomy":"product_tag","embeddable":true,"href":"https:\/\/amsports.pl\/index.php?rest_route=%2Fwp%2Fv2%2Fproduct_tag&post=4680"}],"curies":[{"name":"wp","href":"https:\/\/api.w.org\/{rel}","templated":true}]}}