{"id":4697,"date":"2023-02-11T10:00:22","date_gmt":"2023-02-11T10:00:22","guid":{"rendered":"https:\/\/amsports.pl\/?post_type=product&#038;p=4697"},"modified":"2023-02-11T10:04:42","modified_gmt":"2023-02-11T10:04:42","slug":"bell-sidetrack-gnarly-matte-berry","status":"publish","type":"product","link":"https:\/\/amsports.pl\/?product=bell-sidetrack-gnarly-matte-berry","title":{"rendered":"BELL SIDETRACK  gnarly matte berry"},"content":{"rendered":"<p>Sidetrack ma kszta\u0142t all-mountain z wi\u0119ksz\u0105 ochron\u0105 potylicy. Super styl w po\u0142\u0105czeniu z fajnym daszkiem motywuje m\u0142odych rowerzyst\u00f3w do jazdy. A system regulacji Ergo Fit z nowymi nieskr\u0119caj\u0105cymi si\u0119 paskami No-Twist Tri-Glides u\u0142atwia i przyspiesza dopasowanie. Sidetrack to wszechstronny kask dla swojej pociechy.<br \/>\nILO\u015a\u0106 OTWOR\u00d3W WENTYLACYJNYCH: 15<br \/>\nZGODNO\u015a\u0106 Z NORM\u0104: CPSC Bicycle<br \/>\nKONSTRUKCJA: Po\u0142\u0105czenie poliw\u0119glanowej skorupy w procesie In-Mold &#8211; Proces, kt\u00f3rego pionierem jest Bell, \u0142\u0105czy zewn\u0119trzn\u0105 skorup\u0119 kasku z konstrukcj\u0105 z pianki EPS, tworz\u0105c mocniejszy kask.<br \/>\nDASZEK: Odpinany daszek<br \/>\nSYSTEM DOPASOWANIA: Ergo Fit &#8211; Elegancki, \u0142atwy w u\u017cyciu system dopasowania, umo\u017cliwiaj\u0105cy regulacj\u0119 jedn\u0105 r\u0119k\u0105.<br \/>\nPASKI MOCUJ\u0104CE: Szybko regulowane klamry, kt\u00f3re pomagaj\u0105 utrzyma\u0107 paski p\u0142asko i odpowiednio u\u0142o\u017cone. Niska waga pask\u00f3w. Pinchguard Buckle &#8211; Klamra eliminuj\u0105ca przyszczypni\u0119cia.<br \/>\nROZMIARY: Uniwersalny (47-54 cm)<\/p>\n","protected":false},"excerpt":{"rendered":"<p>Dzieci w obecnych czasach uwielbiaj\u0105 je\u017adzi\u0107, czasem bez strachu, i maj\u0105 dost\u0119pnych wi\u0119cej dr\u00f3g, park\u00f3w rowerowych i miejsc do zabawy. Zaprojektowali\u015bmy kask Sidetrack, aby nad\u0105\u017cy\u0107 za nimi.<\/p>\n","protected":false},"featured_media":4698,"comment_status":"open","ping_status":"closed","template":"","meta":{"inline_featured_image":false},"product_cat":[117,118],"product_tag":[],"_links":{"self":[{"href":"https:\/\/amsports.pl\/index.php?rest_route=\/wp\/v2\/product\/4697"}],"collection":[{"href":"https:\/\/amsports.pl\/index.php?rest_route=\/wp\/v2\/product"}],"about":[{"href":"https:\/\/amsports.pl\/index.php?rest_route=\/wp\/v2\/types\/product"}],"replies":[{"embeddable":true,"href":"https:\/\/amsports.pl\/index.php?rest_route=%2Fwp%2Fv2%2Fcomments&post=4697"}],"wp:featuredmedia":[{"embeddable":true,"href":"https:\/\/amsports.pl\/index.php?rest_route=\/wp\/v2\/media\/4698"}],"wp:attachment":[{"href":"https:\/\/amsports.pl\/index.php?rest_route=%2Fwp%2Fv2%2Fmedia&parent=4697"}],"wp:term":[{"taxonomy":"product_cat","embeddable":true,"href":"https:\/\/amsports.pl\/index.php?rest_route=%2Fwp%2Fv2%2Fproduct_cat&post=4697"},{"taxonomy":"product_tag","embeddable":true,"href":"https:\/\/amsports.pl\/index.php?rest_route=%2Fwp%2Fv2%2Fproduct_tag&post=4697"}],"curies":[{"name":"wp","href":"https:\/\/api.w.org\/{rel}","templated":true}]}}