{"id":4701,"date":"2023-02-11T10:12:52","date_gmt":"2023-02-11T10:12:52","guid":{"rendered":"https:\/\/amsports.pl\/?post_type=product&#038;p=4701"},"modified":"2024-07-24T10:59:12","modified_gmt":"2024-07-24T10:59:12","slug":"mavic-crossride-mtb-black","status":"publish","type":"product","link":"https:\/\/amsports.pl\/?product=mavic-crossride-mtb-black","title":{"rendered":"MAVIC CROSSRIDE MTB  black"},"content":{"rendered":"<p>Mavic CROSSRIDE posiada wk\u0142adk\u0119 wykonan\u0105 w technologii 37.5\u00ae kt\u00f3ra wykorzystuje aktywne cz\u0105steczki do poch\u0142aniania ciep\u0142a i 5-krotnie szybszego odprowadzania potu. System Ergo Hold SL oferuje trzy pozycje ustawienia wysoko\u015bci kasku i umo\u017cliwia jego w\u0142a\u015bciwe dopasowanie.<br \/>\n18 otwor\u00f3w wentylacyjnych.<br \/>\nrozm M 54-59 CM<\/p>\n","protected":false},"excerpt":{"rendered":"<p>Uniwersalny kask Mavic CROSSRIDE do jazdy w terenie zapewnia wytrzyma\u0142o\u015b\u0107 oraz komfort.<\/p>\n","protected":false},"featured_media":4702,"comment_status":"open","ping_status":"closed","template":"","meta":{"inline_featured_image":false},"product_cat":[117,118],"product_tag":[],"_links":{"self":[{"href":"https:\/\/amsports.pl\/index.php?rest_route=\/wp\/v2\/product\/4701"}],"collection":[{"href":"https:\/\/amsports.pl\/index.php?rest_route=\/wp\/v2\/product"}],"about":[{"href":"https:\/\/amsports.pl\/index.php?rest_route=\/wp\/v2\/types\/product"}],"replies":[{"embeddable":true,"href":"https:\/\/amsports.pl\/index.php?rest_route=%2Fwp%2Fv2%2Fcomments&post=4701"}],"wp:featuredmedia":[{"embeddable":true,"href":"https:\/\/amsports.pl\/index.php?rest_route=\/wp\/v2\/media\/4702"}],"wp:attachment":[{"href":"https:\/\/amsports.pl\/index.php?rest_route=%2Fwp%2Fv2%2Fmedia&parent=4701"}],"wp:term":[{"taxonomy":"product_cat","embeddable":true,"href":"https:\/\/amsports.pl\/index.php?rest_route=%2Fwp%2Fv2%2Fproduct_cat&post=4701"},{"taxonomy":"product_tag","embeddable":true,"href":"https:\/\/amsports.pl\/index.php?rest_route=%2Fwp%2Fv2%2Fproduct_tag&post=4701"}],"curies":[{"name":"wp","href":"https:\/\/api.w.org\/{rel}","templated":true}]}}