{"id":4709,"date":"2023-02-11T12:42:08","date_gmt":"2023-02-11T12:42:08","guid":{"rendered":"https:\/\/amsports.pl\/?post_type=product&#038;p=4709"},"modified":"2024-07-24T11:00:32","modified_gmt":"2024-07-24T11:00:32","slug":"specialized-butcher-grid-trail-29-x-2-60","status":"publish","type":"product","link":"https:\/\/amsports.pl\/?product=specialized-butcher-grid-trail-29-x-2-60","title":{"rendered":"SPECIALIZED BUTCHER GRID TRAIL 29 x 2.60"},"content":{"rendered":"<p>Najnowsza generacja sprawdzonych w Pucharze \u015awiata opon Butcher GRID TRAIL 2Bliss Ready otrzyma\u0142a ca\u0142kowicie nowy wz\u00f3r bie\u017cnika. Szersze klocki boczne gwarantuj\u0105 wsparcie w ostrych zakr\u0119tach, a ich ostre kraw\u0119dzie przesuni\u0119te s\u0105 bardziej do wewn\u0105trz, natomiast klocki \u015brodkowe zosta\u0142y inaczej rozmieszczone, by p\u0142ynniej reagowa\u0107 na przechylenie boczne. Opony wykonane s\u0105 z opatentowanej mieszanki GRIPTON\u00ae o znakomitych parametrach t\u0142umienia, kt\u00f3ra r\u00f3wnie pewnie trzyma si\u0119 pod\u0142o\u017ca na ma\u0142ych nier\u00f3wno\u015bciach i du\u017cych wybojach. Cz\u0119stotliwo\u015b\u0107 zniekszta\u0142ce\u0144 opony w trakcie toczenia jest na tyle niska, \u017ce nie powoduj\u0105 one strat energii i pozwalaj\u0105 utrzyma\u0107 pr\u0119dko\u015b\u0107. Ju\u017c po pierwszym zje\u017adzie na oponach Butcher nie b\u0119dziesz chcia\u0142 zamieni\u0107 ich na \u017cadne inne. Nowy oplot GRID TRAIL jest sztywniejszy i daje lepsz\u0105 sterowno\u015b\u0107 przy ni\u017cszym ci\u015bnieniu, a jednocze\u015bnie chroni przed przeci\u0119ciem o obr\u0119cz o 15% lepiej, a przed przebiciem o 30%. Ju\u017c po pierwszym zje\u017adzie nie b\u0119dziesz chcia\u0142 zamieni\u0107 ich na \u017cadne inne.<br \/>\nOplot: Dodatkowa ochrona na ca\u0142ym profilu zwi\u0119ksza wytrzyma\u0142o\u015b\u0107 i stabilno\u015b\u0107 \u015bcian bocznych opony.<br \/>\nStopka: zwijana<br \/>\nWarstwa butylowa = 2Bliss Ready<br \/>\nMieszanka: GRIPTON\u00ae<\/p>\n","protected":false},"excerpt":{"rendered":"<p>The Butcher GRID TRAIL 2Bliss Ready T7<\/p>\n","protected":false},"featured_media":4707,"comment_status":"open","ping_status":"closed","template":"","meta":{"inline_featured_image":false},"product_cat":[125,128],"product_tag":[],"_links":{"self":[{"href":"https:\/\/amsports.pl\/index.php?rest_route=\/wp\/v2\/product\/4709"}],"collection":[{"href":"https:\/\/amsports.pl\/index.php?rest_route=\/wp\/v2\/product"}],"about":[{"href":"https:\/\/amsports.pl\/index.php?rest_route=\/wp\/v2\/types\/product"}],"replies":[{"embeddable":true,"href":"https:\/\/amsports.pl\/index.php?rest_route=%2Fwp%2Fv2%2Fcomments&post=4709"}],"wp:featuredmedia":[{"embeddable":true,"href":"https:\/\/amsports.pl\/index.php?rest_route=\/wp\/v2\/media\/4707"}],"wp:attachment":[{"href":"https:\/\/amsports.pl\/index.php?rest_route=%2Fwp%2Fv2%2Fmedia&parent=4709"}],"wp:term":[{"taxonomy":"product_cat","embeddable":true,"href":"https:\/\/amsports.pl\/index.php?rest_route=%2Fwp%2Fv2%2Fproduct_cat&post=4709"},{"taxonomy":"product_tag","embeddable":true,"href":"https:\/\/amsports.pl\/index.php?rest_route=%2Fwp%2Fv2%2Fproduct_tag&post=4709"}],"curies":[{"name":"wp","href":"https:\/\/api.w.org\/{rel}","templated":true}]}}