{"id":4713,"date":"2023-02-11T13:33:29","date_gmt":"2023-02-11T13:33:29","guid":{"rendered":"https:\/\/amsports.pl\/?post_type=product&#038;p=4713"},"modified":"2026-02-11T13:37:47","modified_gmt":"2026-02-11T13:37:47","slug":"specialized-purgatory-grid-275-x-2-30","status":"publish","type":"product","link":"https:\/\/amsports.pl\/?product=specialized-purgatory-grid-275-x-2-30","title":{"rendered":"SPECIALIZED PURGATORY GRID 27,5 x 2.30"},"content":{"rendered":"<p>Purgatory GRID 2Bliss Ready wyznaczaj\u0105 standardy efektywno\u015bci lekkich opon szlakowych. Zaprojektowany od podstaw bie\u017cnik posiada kwadratowe klocki, kt\u00f3re wgryzaj\u0105 si\u0119 w mi\u0119kkie pod\u0142o\u017ce, ale daj\u0105 te\u017c wsparcie na ubitej nawierzchni. Elastyczne klocki w centralnej cz\u0119\u015bci bie\u017cnika uginaj\u0105 si\u0119 w trakcie hamowania, by zwi\u0119kszy\u0107 powierzchni\u0119 kontaktu z terenem. Z kolei oplot GRID zapewnia optymaln\u0105 ochron\u0119 \u015bcian bocznych przed przeci\u0119ciem i przebiciem. W oponach zastosowali\u015bmy opatentowan\u0105 mieszank\u0119 GRIPTON\u00ae, kt\u00f3ra gwarantuje \u015bwietne w\u0142a\u015bciwo\u015bci jezdne w ka\u017cdych warunkach.<br \/>\nOplot: Dodatkowa ochrona na ca\u0142ym profilu zwi\u0119ksza wytrzyma\u0142o\u015b\u0107 i stabilno\u015b\u0107 \u015bcian bocznych opony.<br \/>\nStopka: zwijana<br \/>\nWarstwa butylowa = 2Bliss Ready<br \/>\nMieszanka: GRIPTON\u00ae<\/p>\n","protected":false},"excerpt":{"rendered":"<p>Purgatory GRID 2Bliss Ready<\/p>\n","protected":false},"featured_media":4715,"comment_status":"open","ping_status":"closed","template":"","meta":{"inline_featured_image":false},"product_cat":[125,128],"product_tag":[],"_links":{"self":[{"href":"https:\/\/amsports.pl\/index.php?rest_route=\/wp\/v2\/product\/4713"}],"collection":[{"href":"https:\/\/amsports.pl\/index.php?rest_route=\/wp\/v2\/product"}],"about":[{"href":"https:\/\/amsports.pl\/index.php?rest_route=\/wp\/v2\/types\/product"}],"replies":[{"embeddable":true,"href":"https:\/\/amsports.pl\/index.php?rest_route=%2Fwp%2Fv2%2Fcomments&post=4713"}],"wp:featuredmedia":[{"embeddable":true,"href":"https:\/\/amsports.pl\/index.php?rest_route=\/wp\/v2\/media\/4715"}],"wp:attachment":[{"href":"https:\/\/amsports.pl\/index.php?rest_route=%2Fwp%2Fv2%2Fmedia&parent=4713"}],"wp:term":[{"taxonomy":"product_cat","embeddable":true,"href":"https:\/\/amsports.pl\/index.php?rest_route=%2Fwp%2Fv2%2Fproduct_cat&post=4713"},{"taxonomy":"product_tag","embeddable":true,"href":"https:\/\/amsports.pl\/index.php?rest_route=%2Fwp%2Fv2%2Fproduct_tag&post=4713"}],"curies":[{"name":"wp","href":"https:\/\/api.w.org\/{rel}","templated":true}]}}