{"id":4720,"date":"2023-02-13T12:42:08","date_gmt":"2023-02-13T12:42:08","guid":{"rendered":"https:\/\/amsports.pl\/?post_type=product&#038;p=4720"},"modified":"2024-07-24T10:51:10","modified_gmt":"2024-07-24T10:51:10","slug":"specialized-ground-control-sport-26-x-235","status":"publish","type":"product","link":"https:\/\/amsports.pl\/?product=specialized-ground-control-sport-26-x-235","title":{"rendered":"SPECIALIZED GROUND CONTROL SPORT  26 x 2,35"},"content":{"rendered":"<p>Ground Control Sport wykorzystuje niezwykle wszechstronny wz\u00f3r bie\u017cnika, kt\u00f3ry mo\u017ce by\u0107 u\u017cywany od wy\u015bcigu cross country do szlaku, toczy si\u0119 szybko z wyj\u0105tkow\u0105 pewno\u015bci\u0105 i przyczepno\u015bci\u0105. Nasza konstrukcja Block-In-Block wykorzystuje wy\u017csz\u0105, \u015brodkow\u0105 cz\u0119\u015b\u0107 bie\u017cnika, kt\u00f3ra wbija si\u0119 w pod\u0142o\u017ce i zapewnia przyczepno\u015b\u0107. Wi\u0119ksza struktura zewn\u0119trzna wspiera bie\u017cnik, zapewniaj\u0105c dodatkow\u0105 pr\u0119dko\u015b\u0107, przyczepno\u015b\u0107, wsparcie i stabilne prowadzenie.<br \/>\nOplot: 60 TPI<br \/>\nStopka: drut<br \/>\nMieszanka: GRIPTON\u00ae<\/p>\n","protected":false},"excerpt":{"rendered":"<p>Ground Control Sport<\/p>\n","protected":false},"featured_media":4718,"comment_status":"open","ping_status":"closed","template":"","meta":{"inline_featured_image":false},"product_cat":[125,128],"product_tag":[],"_links":{"self":[{"href":"https:\/\/amsports.pl\/index.php?rest_route=\/wp\/v2\/product\/4720"}],"collection":[{"href":"https:\/\/amsports.pl\/index.php?rest_route=\/wp\/v2\/product"}],"about":[{"href":"https:\/\/amsports.pl\/index.php?rest_route=\/wp\/v2\/types\/product"}],"replies":[{"embeddable":true,"href":"https:\/\/amsports.pl\/index.php?rest_route=%2Fwp%2Fv2%2Fcomments&post=4720"}],"wp:featuredmedia":[{"embeddable":true,"href":"https:\/\/amsports.pl\/index.php?rest_route=\/wp\/v2\/media\/4718"}],"wp:attachment":[{"href":"https:\/\/amsports.pl\/index.php?rest_route=%2Fwp%2Fv2%2Fmedia&parent=4720"}],"wp:term":[{"taxonomy":"product_cat","embeddable":true,"href":"https:\/\/amsports.pl\/index.php?rest_route=%2Fwp%2Fv2%2Fproduct_cat&post=4720"},{"taxonomy":"product_tag","embeddable":true,"href":"https:\/\/amsports.pl\/index.php?rest_route=%2Fwp%2Fv2%2Fproduct_tag&post=4720"}],"curies":[{"name":"wp","href":"https:\/\/api.w.org\/{rel}","templated":true}]}}