{"id":4725,"date":"2023-02-13T13:04:00","date_gmt":"2023-02-13T13:04:00","guid":{"rendered":"https:\/\/amsports.pl\/?post_type=product&#038;p=4725"},"modified":"2023-02-13T13:04:19","modified_gmt":"2023-02-13T13:04:19","slug":"specialized-fast-trak-sport-26-x-235","status":"publish","type":"product","link":"https:\/\/amsports.pl\/?product=specialized-fast-trak-sport-26-x-235","title":{"rendered":"SPECIALIZED FAST TRAK SPORT  26 x 2,35"},"content":{"rendered":"<p>Wychodz\u0105c z za\u0142o\u017cenia, \u017ce pr\u0119dko\u015b\u0107 i kontrola nie s\u0105 przywilejem, ale nieodzownym prawem ka\u017cdego zawodnika, dopracowali\u015bmy do perfekcji wz\u00f3r bie\u017cnika opon Fast Trak Sport, obrabiaj\u0105c ka\u017cdy klocek w technologii analizy metod\u0105 element\u00f3w sko\u0144czonych (FEA). Dzi\u0119ki bogatym do\u015bwiadczeniom i licznym opiniom je\u017ad\u017ac\u00f3w XC stworzyli\u015bmy opony o lepszej przyczepno\u015bci i mniejszych oporach toczenia z oplotem gotowym na wszystko.<br \/>\nOplot: 60 TPI<br \/>\nStopka: drut<br \/>\nMieszanka: 60a<\/p>\n","protected":false},"excerpt":{"rendered":"<p>Fast Trak Sport<\/p>\n","protected":false},"featured_media":4718,"comment_status":"open","ping_status":"closed","template":"","meta":{"inline_featured_image":false},"product_cat":[125,128],"product_tag":[],"_links":{"self":[{"href":"https:\/\/amsports.pl\/index.php?rest_route=\/wp\/v2\/product\/4725"}],"collection":[{"href":"https:\/\/amsports.pl\/index.php?rest_route=\/wp\/v2\/product"}],"about":[{"href":"https:\/\/amsports.pl\/index.php?rest_route=\/wp\/v2\/types\/product"}],"replies":[{"embeddable":true,"href":"https:\/\/amsports.pl\/index.php?rest_route=%2Fwp%2Fv2%2Fcomments&post=4725"}],"wp:featuredmedia":[{"embeddable":true,"href":"https:\/\/amsports.pl\/index.php?rest_route=\/wp\/v2\/media\/4718"}],"wp:attachment":[{"href":"https:\/\/amsports.pl\/index.php?rest_route=%2Fwp%2Fv2%2Fmedia&parent=4725"}],"wp:term":[{"taxonomy":"product_cat","embeddable":true,"href":"https:\/\/amsports.pl\/index.php?rest_route=%2Fwp%2Fv2%2Fproduct_cat&post=4725"},{"taxonomy":"product_tag","embeddable":true,"href":"https:\/\/amsports.pl\/index.php?rest_route=%2Fwp%2Fv2%2Fproduct_tag&post=4725"}],"curies":[{"name":"wp","href":"https:\/\/api.w.org\/{rel}","templated":true}]}}