{"id":4726,"date":"2023-02-13T13:06:54","date_gmt":"2023-02-13T13:06:54","guid":{"rendered":"https:\/\/amsports.pl\/?post_type=product&#038;p=4726"},"modified":"2026-02-11T13:36:48","modified_gmt":"2026-02-11T13:36:48","slug":"specialized-slaughter-dh-275-x-230","status":"publish","type":"product","link":"https:\/\/amsports.pl\/?product=specialized-slaughter-dh-275-x-230","title":{"rendered":"SPECIALIZED SLAUGHTER DH  27,5 x 2,30"},"content":{"rendered":"<p>Dzi\u0119ki obni\u017ceniu \u015brodkowego bie\u017cnika w celu uzyskania du\u017cej pr\u0119dko\u015bci, a jednocze\u015bnie utrzymaniu znacznie wy\u017cszych kraw\u0119dzi bocznych ga\u0142ek, aby zapewni\u0107 bezpieczne hamowanie i pokonywanie zakr\u0119t\u00f3w, opona Slaughter DH z ca\u0142\u0105 pewno\u015bci\u0105 doprowadzi Ci\u0119 na d\u00f3\u0142 jako pierwszy. Dodatkowo, dzi\u0119ki wk\u0142adkom butylowym na stopce opony, zapewniamy ochron\u0119 nawet przed zgniataniem, gdy szlak staje si\u0119 szczeg\u00f3lnie ha\u0142a\u015bliwy. Okaza\u0142o si\u0119, \u017ce nadaje si\u0119 do u\u017cytku z ty\u0142u, ale mo\u017cna na nim r\u00f3wnie\u017c je\u017adzi\u0107 jako prz\u00f3d.<br \/>\nOplot: 60 TPI, , podw\u00f3jna warstwa<br \/>\nStopka: drut<br \/>\nMieszanka: Baza 70a \/ Top 42a<\/p>\n","protected":false},"excerpt":{"rendered":"<p>Slaughter DH<\/p>\n","protected":false},"featured_media":4727,"comment_status":"open","ping_status":"closed","template":"","meta":{"inline_featured_image":false},"product_cat":[125,128],"product_tag":[],"_links":{"self":[{"href":"https:\/\/amsports.pl\/index.php?rest_route=\/wp\/v2\/product\/4726"}],"collection":[{"href":"https:\/\/amsports.pl\/index.php?rest_route=\/wp\/v2\/product"}],"about":[{"href":"https:\/\/amsports.pl\/index.php?rest_route=\/wp\/v2\/types\/product"}],"replies":[{"embeddable":true,"href":"https:\/\/amsports.pl\/index.php?rest_route=%2Fwp%2Fv2%2Fcomments&post=4726"}],"wp:featuredmedia":[{"embeddable":true,"href":"https:\/\/amsports.pl\/index.php?rest_route=\/wp\/v2\/media\/4727"}],"wp:attachment":[{"href":"https:\/\/amsports.pl\/index.php?rest_route=%2Fwp%2Fv2%2Fmedia&parent=4726"}],"wp:term":[{"taxonomy":"product_cat","embeddable":true,"href":"https:\/\/amsports.pl\/index.php?rest_route=%2Fwp%2Fv2%2Fproduct_cat&post=4726"},{"taxonomy":"product_tag","embeddable":true,"href":"https:\/\/amsports.pl\/index.php?rest_route=%2Fwp%2Fv2%2Fproduct_tag&post=4726"}],"curies":[{"name":"wp","href":"https:\/\/api.w.org\/{rel}","templated":true}]}}