{"id":4730,"date":"2023-02-13T13:31:02","date_gmt":"2023-02-13T13:31:02","guid":{"rendered":"https:\/\/amsports.pl\/?post_type=product&#038;p=4730"},"modified":"2023-02-13T13:37:08","modified_gmt":"2023-02-13T13:37:08","slug":"specialized-hardrockr-26-x-200","status":"publish","type":"product","link":"https:\/\/amsports.pl\/?product=specialized-hardrockr-26-x-200","title":{"rendered":"SPECIALIZED HARDROCK&#8217;R  26 x 2,00"},"content":{"rendered":"<p>Hardrock&#8217;R to model charakteryzuj\u0105cy si\u0119 d\u0142ug\u0105 \u017cywotno\u015bci\u0105, agresywnym, ale umo\u017cliwiaj\u0105cym p\u0142ynn\u0105 jazd\u0119 bie\u017cnikiem i wielokierunkowymi klockami, zapewniaj\u0105cymi lepsz\u0105 przyczepno\u015b\u0107 i pewno\u015b\u0107 w zakr\u0119tach i w mieszanym terenie. Dzi\u0119ki ochronie przed przebiciem Flak Jacket b\u0119dziesz m\u00f3g\u0142 pewnie i spokojnie pokonywa\u0107 wymagaj\u0105ce odcinki.<br \/>\nOplot: 60 TPI,<br \/>\nStopka: drut<br \/>\nMieszanka: Baza 70a<\/p>\n","protected":false},"excerpt":{"rendered":"<p>Hardrock&#8217;R<\/p>\n","protected":false},"featured_media":4731,"comment_status":"open","ping_status":"closed","template":"","meta":{"inline_featured_image":false},"product_cat":[125,128],"product_tag":[],"_links":{"self":[{"href":"https:\/\/amsports.pl\/index.php?rest_route=\/wp\/v2\/product\/4730"}],"collection":[{"href":"https:\/\/amsports.pl\/index.php?rest_route=\/wp\/v2\/product"}],"about":[{"href":"https:\/\/amsports.pl\/index.php?rest_route=\/wp\/v2\/types\/product"}],"replies":[{"embeddable":true,"href":"https:\/\/amsports.pl\/index.php?rest_route=%2Fwp%2Fv2%2Fcomments&post=4730"}],"wp:featuredmedia":[{"embeddable":true,"href":"https:\/\/amsports.pl\/index.php?rest_route=\/wp\/v2\/media\/4731"}],"wp:attachment":[{"href":"https:\/\/amsports.pl\/index.php?rest_route=%2Fwp%2Fv2%2Fmedia&parent=4730"}],"wp:term":[{"taxonomy":"product_cat","embeddable":true,"href":"https:\/\/amsports.pl\/index.php?rest_route=%2Fwp%2Fv2%2Fproduct_cat&post=4730"},{"taxonomy":"product_tag","embeddable":true,"href":"https:\/\/amsports.pl\/index.php?rest_route=%2Fwp%2Fv2%2Fproduct_tag&post=4730"}],"curies":[{"name":"wp","href":"https:\/\/api.w.org\/{rel}","templated":true}]}}