{"id":4733,"date":"2023-02-13T13:38:44","date_gmt":"2023-02-13T13:38:44","guid":{"rendered":"https:\/\/amsports.pl\/?post_type=product&#038;p=4733"},"modified":"2023-02-14T10:59:05","modified_gmt":"2023-02-14T10:59:05","slug":"specialized-pathfinder-sport-reflect-275-x-230","status":"publish","type":"product","link":"https:\/\/amsports.pl\/?product=specialized-pathfinder-sport-reflect-275-x-230","title":{"rendered":"SPECIALIZED PATHFINDER SPORT REFLECT 27,5 x 2,30"},"content":{"rendered":"<p>Narodzona na ameryka\u0144skim \u015arodkowym Zachodzie jazda na szutrze jest jednym z najszybciej rozwijaj\u0105cych si\u0119 styl\u00f3w jazdy na rowerze. Poczucie przygody, pokonywanie nowych wyzwa\u0144 i po prostu do\u015bwiadczanie nowego stylu jazdy to tylko niekt\u00f3re z jego najwi\u0119kszych atut\u00f3w, ale robienie tego bez odpowiednich opon robi r\u00f3\u017cnic\u0119 mi\u0119dzy zabaw\u0105 a przeklinaniem i wrzeszczeniem na poboczu drogi. Pathfinder Reflect Sport zapewnia wszechstronno\u015b\u0107 nie tylko podczas pe\u0142nych przyg\u00f3d przeja\u017cd\u017cek, ale tak\u017ce jako wywa\u017cona opona aktywna, widoczno\u015b\u0107, szybkie toczenie, du\u017co przyczepno\u015bci i mn\u00f3stwo zabawy.<br \/>\nOplot: 60 TPI<br \/>\nStopka: drut<br \/>\nOchrona przed przebiciem: BlackBelt<\/p>\n","protected":false},"excerpt":{"rendered":"<p>Pathfinder Sport Reflect<\/p>\n","protected":false},"featured_media":4734,"comment_status":"open","ping_status":"closed","template":"","meta":{"inline_featured_image":false},"product_cat":[125,128],"product_tag":[],"_links":{"self":[{"href":"https:\/\/amsports.pl\/index.php?rest_route=\/wp\/v2\/product\/4733"}],"collection":[{"href":"https:\/\/amsports.pl\/index.php?rest_route=\/wp\/v2\/product"}],"about":[{"href":"https:\/\/amsports.pl\/index.php?rest_route=\/wp\/v2\/types\/product"}],"replies":[{"embeddable":true,"href":"https:\/\/amsports.pl\/index.php?rest_route=%2Fwp%2Fv2%2Fcomments&post=4733"}],"wp:featuredmedia":[{"embeddable":true,"href":"https:\/\/amsports.pl\/index.php?rest_route=\/wp\/v2\/media\/4734"}],"wp:attachment":[{"href":"https:\/\/amsports.pl\/index.php?rest_route=%2Fwp%2Fv2%2Fmedia&parent=4733"}],"wp:term":[{"taxonomy":"product_cat","embeddable":true,"href":"https:\/\/amsports.pl\/index.php?rest_route=%2Fwp%2Fv2%2Fproduct_cat&post=4733"},{"taxonomy":"product_tag","embeddable":true,"href":"https:\/\/amsports.pl\/index.php?rest_route=%2Fwp%2Fv2%2Fproduct_tag&post=4733"}],"curies":[{"name":"wp","href":"https:\/\/api.w.org\/{rel}","templated":true}]}}