{"id":4736,"date":"2023-02-13T14:09:11","date_gmt":"2023-02-13T14:09:11","guid":{"rendered":"https:\/\/amsports.pl\/?post_type=product&#038;p=4736"},"modified":"2024-07-24T10:50:35","modified_gmt":"2024-07-24T10:50:35","slug":"specialized-sawtooth-sport-700-x-38","status":"publish","type":"product","link":"https:\/\/amsports.pl\/?product=specialized-sawtooth-sport-700-x-38","title":{"rendered":"SPECIALIZED SAWTOOTH SPORT  700 x 38"},"content":{"rendered":"<p>Sawtooth to opona dla poszukiwaczy przyg\u00f3d, kt\u00f3ra poradzi sobie na ka\u017cdej nawierzchni i wytrzyma trudy odkrywania nowych teren\u00f3w. Bie\u017cnik o ostrych kraw\u0119dziach wgryza si\u0119 w teren, a oplot Endurant wzmacnia \u015bciany boczne zwi\u0119kszaj\u0105c ochron\u0119 i umo\u017cliwiaj\u0105c transport ci\u0119\u017ckiego baga\u017cu. Z kolei legendarna mieszanka GRIPTON\u00ae zapewnia przyczepno\u015b\u0107 i kontrol\u0119, a wzmocniony bie\u017cnik centralny du\u017cy przebieg.<br \/>\nOplot: 60 TPI<br \/>\nStopka: drut<br \/>\nOchrona przed przebiciem: BlackBelt<\/p>\n","protected":false},"excerpt":{"rendered":"<p>Sawtooth Sport<\/p>\n","protected":false},"featured_media":4737,"comment_status":"open","ping_status":"closed","template":"","meta":{"inline_featured_image":false},"product_cat":[125,128],"product_tag":[],"_links":{"self":[{"href":"https:\/\/amsports.pl\/index.php?rest_route=\/wp\/v2\/product\/4736"}],"collection":[{"href":"https:\/\/amsports.pl\/index.php?rest_route=\/wp\/v2\/product"}],"about":[{"href":"https:\/\/amsports.pl\/index.php?rest_route=\/wp\/v2\/types\/product"}],"replies":[{"embeddable":true,"href":"https:\/\/amsports.pl\/index.php?rest_route=%2Fwp%2Fv2%2Fcomments&post=4736"}],"wp:featuredmedia":[{"embeddable":true,"href":"https:\/\/amsports.pl\/index.php?rest_route=\/wp\/v2\/media\/4737"}],"wp:attachment":[{"href":"https:\/\/amsports.pl\/index.php?rest_route=%2Fwp%2Fv2%2Fmedia&parent=4736"}],"wp:term":[{"taxonomy":"product_cat","embeddable":true,"href":"https:\/\/amsports.pl\/index.php?rest_route=%2Fwp%2Fv2%2Fproduct_cat&post=4736"},{"taxonomy":"product_tag","embeddable":true,"href":"https:\/\/amsports.pl\/index.php?rest_route=%2Fwp%2Fv2%2Fproduct_tag&post=4736"}],"curies":[{"name":"wp","href":"https:\/\/api.w.org\/{rel}","templated":true}]}}