{"id":4740,"date":"2023-02-13T14:15:59","date_gmt":"2023-02-13T14:15:59","guid":{"rendered":"https:\/\/amsports.pl\/?post_type=product&#038;p=4740"},"modified":"2023-02-14T10:54:57","modified_gmt":"2023-02-14T10:54:57","slug":"specialized-sawtooth-sport-700-x-42-2","status":"publish","type":"product","link":"https:\/\/amsports.pl\/?product=specialized-sawtooth-sport-700-x-42-2","title":{"rendered":"SPECIALIZED HEMISPHERE SPORT REFLECT  26 x 1,95"},"content":{"rendered":"<p>Hemisphere Sport Reflect to nowoczesna, wszechstronna i wytrzyma\u0142a opona trekkingowa z solidn\u0105 ochron\u0105 przed przebiciem i bie\u017cnikiem, kt\u00f3ry zapewni pe\u0142n\u0105 kontrol\u0119 na lu\u017anym pod\u0142o\u017cu. Dzi\u0119ki centralnym klockom opony nie wyhamowuj\u0105 roweru na twardym pod\u0142o\u017cu, a szeroko rozstawione klocki boczne zapewniaj\u0105 przyczepno\u015b\u0107 w terenie. Dodatkow\u0105 zalet\u0105 modelu Hemisphere jest ochrona przed przebiciem BlackBelt oraz elementy odblaskowe, zapewniaj\u0105ce widoczno\u015b\u0107 w s\u0142abym \u015bwietle &#8211; opony optymalnie sprawdzaj\u0105 si\u0119 na ulicach i \u015bcie\u017ckach rowerowych.<br \/>\nOplot: 60 TPI<br \/>\nStopka: drut<br \/>\nOchrona przed przebiciem: BlackBelt<\/p>\n","protected":false},"excerpt":{"rendered":"<p>Hemisphere Sport Reflect<\/p>\n","protected":false},"featured_media":4741,"comment_status":"open","ping_status":"closed","template":"","meta":{"inline_featured_image":false},"product_cat":[125,128],"product_tag":[],"_links":{"self":[{"href":"https:\/\/amsports.pl\/index.php?rest_route=\/wp\/v2\/product\/4740"}],"collection":[{"href":"https:\/\/amsports.pl\/index.php?rest_route=\/wp\/v2\/product"}],"about":[{"href":"https:\/\/amsports.pl\/index.php?rest_route=\/wp\/v2\/types\/product"}],"replies":[{"embeddable":true,"href":"https:\/\/amsports.pl\/index.php?rest_route=%2Fwp%2Fv2%2Fcomments&post=4740"}],"wp:featuredmedia":[{"embeddable":true,"href":"https:\/\/amsports.pl\/index.php?rest_route=\/wp\/v2\/media\/4741"}],"wp:attachment":[{"href":"https:\/\/amsports.pl\/index.php?rest_route=%2Fwp%2Fv2%2Fmedia&parent=4740"}],"wp:term":[{"taxonomy":"product_cat","embeddable":true,"href":"https:\/\/amsports.pl\/index.php?rest_route=%2Fwp%2Fv2%2Fproduct_cat&post=4740"},{"taxonomy":"product_tag","embeddable":true,"href":"https:\/\/amsports.pl\/index.php?rest_route=%2Fwp%2Fv2%2Fproduct_tag&post=4740"}],"curies":[{"name":"wp","href":"https:\/\/api.w.org\/{rel}","templated":true}]}}