{"id":4751,"date":"2023-02-14T11:13:30","date_gmt":"2023-02-14T11:13:30","guid":{"rendered":"https:\/\/amsports.pl\/?post_type=product&#038;p=4751"},"modified":"2024-07-24T10:47:14","modified_gmt":"2024-07-24T10:47:14","slug":"specialized-infinity-sport-700-x-38","status":"publish","type":"product","link":"https:\/\/amsports.pl\/?product=specialized-infinity-sport-700-x-38","title":{"rendered":"SPECIALIZED INFINITY SPORT  700 x 38"},"content":{"rendered":"<p>Infinity wytrzyma naprawd\u0119 wiele &#8211; d\u0142uga \u017cywotno\u015b\u0107 czyni z niej idealn\u0105 opon\u0119 do dojazd\u00f3w, jazdy miejskiej i trekkingowej. G\u0142\u0119boko cofni\u0119ty bie\u017cnik zapewnia przyczepno\u015b\u0107 w wodzie i b\u0142ocie, a zaokr\u0105glony profil dba o stabilne i przewidywalne pokonywanie zakr\u0119t\u00f3w. Ochrona przed przebiciem Flak Jacket eliminuje nieoczekiwane przestoje w trasie.<br \/>\nOplot: 30 TPI<br \/>\nStopka: drut<br \/>\nOchrona przed przebiciem: Flak Jacket<\/p>\n","protected":false},"excerpt":{"rendered":"<p>Infinity<\/p>\n","protected":false},"featured_media":4749,"comment_status":"open","ping_status":"closed","template":"","meta":{"inline_featured_image":false},"product_cat":[125,128],"product_tag":[],"_links":{"self":[{"href":"https:\/\/amsports.pl\/index.php?rest_route=\/wp\/v2\/product\/4751"}],"collection":[{"href":"https:\/\/amsports.pl\/index.php?rest_route=\/wp\/v2\/product"}],"about":[{"href":"https:\/\/amsports.pl\/index.php?rest_route=\/wp\/v2\/types\/product"}],"replies":[{"embeddable":true,"href":"https:\/\/amsports.pl\/index.php?rest_route=%2Fwp%2Fv2%2Fcomments&post=4751"}],"wp:featuredmedia":[{"embeddable":true,"href":"https:\/\/amsports.pl\/index.php?rest_route=\/wp\/v2\/media\/4749"}],"wp:attachment":[{"href":"https:\/\/amsports.pl\/index.php?rest_route=%2Fwp%2Fv2%2Fmedia&parent=4751"}],"wp:term":[{"taxonomy":"product_cat","embeddable":true,"href":"https:\/\/amsports.pl\/index.php?rest_route=%2Fwp%2Fv2%2Fproduct_cat&post=4751"},{"taxonomy":"product_tag","embeddable":true,"href":"https:\/\/amsports.pl\/index.php?rest_route=%2Fwp%2Fv2%2Fproduct_tag&post=4751"}],"curies":[{"name":"wp","href":"https:\/\/api.w.org\/{rel}","templated":true}]}}