{"id":4754,"date":"2023-02-14T11:20:36","date_gmt":"2023-02-14T11:20:36","guid":{"rendered":"https:\/\/amsports.pl\/?post_type=product&#038;p=4754"},"modified":"2023-02-14T11:23:26","modified_gmt":"2023-02-14T11:23:26","slug":"specialized-roadsport-700-x-28","status":"publish","type":"product","link":"https:\/\/amsports.pl\/?product=specialized-roadsport-700-x-28","title":{"rendered":"SPECIALIZED ROADSPORT  700 x 28"},"content":{"rendered":"<p>Zmodernizowana opona Roadsport ma jeden z naszych klasycznych, najbardziej wszechstronnych wzor\u00f3w bie\u017cnika w po\u0142\u0105czeniu z ochron\u0105 stopki przy u\u017cyciu wysokiej klasy ochrony Endurant. To ulepszenie zapewnia oponie wi\u0119ksz\u0105 pr\u0119dko\u015b\u0107, przyczepno\u015b\u0107 i trwa\u0142o\u015b\u0107, a wszystko to przy zachowaniu niskiej wagi. Zaktualizowali\u015bmy r\u00f3wnie\u017c gum\u0119 o now\u0105, wyj\u0105tkowo przyczepn\u0105 mieszank\u0119, kt\u00f3ra zapewnia bezpieczne i przewidywalne prowadzenie w r\u00f3\u017cnych warunkach.<br \/>\nOplot: 60 TPI<br \/>\nStopka: drutowa<br \/>\nMieszanka: 60a<br \/>\nOchrona antyprzebiciowa: Endurant<\/p>\n","protected":false},"excerpt":{"rendered":"<p>Roadsport<\/p>\n","protected":false},"featured_media":4753,"comment_status":"open","ping_status":"closed","template":"","meta":{"inline_featured_image":false},"product_cat":[125,128],"product_tag":[],"_links":{"self":[{"href":"https:\/\/amsports.pl\/index.php?rest_route=\/wp\/v2\/product\/4754"}],"collection":[{"href":"https:\/\/amsports.pl\/index.php?rest_route=\/wp\/v2\/product"}],"about":[{"href":"https:\/\/amsports.pl\/index.php?rest_route=\/wp\/v2\/types\/product"}],"replies":[{"embeddable":true,"href":"https:\/\/amsports.pl\/index.php?rest_route=%2Fwp%2Fv2%2Fcomments&post=4754"}],"wp:featuredmedia":[{"embeddable":true,"href":"https:\/\/amsports.pl\/index.php?rest_route=\/wp\/v2\/media\/4753"}],"wp:attachment":[{"href":"https:\/\/amsports.pl\/index.php?rest_route=%2Fwp%2Fv2%2Fmedia&parent=4754"}],"wp:term":[{"taxonomy":"product_cat","embeddable":true,"href":"https:\/\/amsports.pl\/index.php?rest_route=%2Fwp%2Fv2%2Fproduct_cat&post=4754"},{"taxonomy":"product_tag","embeddable":true,"href":"https:\/\/amsports.pl\/index.php?rest_route=%2Fwp%2Fv2%2Fproduct_tag&post=4754"}],"curies":[{"name":"wp","href":"https:\/\/api.w.org\/{rel}","templated":true}]}}