{"id":4762,"date":"2023-02-14T11:51:21","date_gmt":"2023-02-14T11:51:21","guid":{"rendered":"https:\/\/amsports.pl\/?post_type=product&#038;p=4762"},"modified":"2024-07-24T10:43:20","modified_gmt":"2024-07-24T10:43:20","slug":"specialized-recon-1-0-sand-doppio","status":"publish","type":"product","link":"https:\/\/amsports.pl\/?product=specialized-recon-1-0-sand-doppio","title":{"rendered":"SPECIALIZED RECON 1.0  sand doppio"},"content":{"rendered":"<p>Recon 1.0 otrzyma\u0142y z pozoru proste zadanie &#8211; zapewni\u0107 efektywno\u015b\u0107 modelu S-Works Recon nie rujnuj\u0105c bud\u017cetu. \u0141atwiej powiedzie\u0107, ni\u017c zrobi\u0107 &#8211; ale w ko\u0144cu uda\u0142o nam si\u0119 po\u0142\u0105czy\u0107 komfort i efektywno\u015b\u0107 Body Geometry z wytrzyma\u0142o\u015bci\u0105 niezb\u0119dn\u0105 do jazdy w terenie. Misja zosta\u0142a wykonana.<br \/>\nOpracowana przez nas technologia elastycznych palc\u00f3w STRIDE oparta na formowaniu wtryskowym TPU z indeksem sztywno\u015bci 6.0 \u0142\u0105czy komfort chodzenia z efektywnym peda\u0142owaniem. Recon 1.0 nie obawiaj\u0105 si\u0119 niczego &#8211; zapewniaj\u0105 wydajn\u0105, pewn\u0105 jazd\u0119 i wygod\u0119 po zej\u015bciu z roweru.<br \/>\nPrzyczepno\u015b\u0107 na podbiegach po mokrej nawierzchni, na \u017cwirze i piachu zapewnia warstwa SlipNot na nylonowej podeszwie. Aby chodzenie by\u0142o bardziej naturalne, podwy\u017cszyli\u015bmy pi\u0119t\u0119.<\/p>\n","protected":false},"excerpt":{"rendered":"<p>Buty MTB Recon 1.0<\/p>\n","protected":false},"featured_media":4763,"comment_status":"open","ping_status":"closed","template":"","meta":{"inline_featured_image":false},"product_cat":[120,117],"product_tag":[],"_links":{"self":[{"href":"https:\/\/amsports.pl\/index.php?rest_route=\/wp\/v2\/product\/4762"}],"collection":[{"href":"https:\/\/amsports.pl\/index.php?rest_route=\/wp\/v2\/product"}],"about":[{"href":"https:\/\/amsports.pl\/index.php?rest_route=\/wp\/v2\/types\/product"}],"replies":[{"embeddable":true,"href":"https:\/\/amsports.pl\/index.php?rest_route=%2Fwp%2Fv2%2Fcomments&post=4762"}],"wp:featuredmedia":[{"embeddable":true,"href":"https:\/\/amsports.pl\/index.php?rest_route=\/wp\/v2\/media\/4763"}],"wp:attachment":[{"href":"https:\/\/amsports.pl\/index.php?rest_route=%2Fwp%2Fv2%2Fmedia&parent=4762"}],"wp:term":[{"taxonomy":"product_cat","embeddable":true,"href":"https:\/\/amsports.pl\/index.php?rest_route=%2Fwp%2Fv2%2Fproduct_cat&post=4762"},{"taxonomy":"product_tag","embeddable":true,"href":"https:\/\/amsports.pl\/index.php?rest_route=%2Fwp%2Fv2%2Fproduct_tag&post=4762"}],"curies":[{"name":"wp","href":"https:\/\/api.w.org\/{rel}","templated":true}]}}