{"id":4764,"date":"2023-02-14T11:59:08","date_gmt":"2023-02-14T11:59:08","guid":{"rendered":"https:\/\/amsports.pl\/?post_type=product&#038;p=4764"},"modified":"2023-02-14T12:05:21","modified_gmt":"2023-02-14T12:05:21","slug":"specialized-sport-mtb-black","status":"publish","type":"product","link":"https:\/\/amsports.pl\/?product=specialized-sport-mtb-black","title":{"rendered":"SPECIALIZED SPORT MTB  black"},"content":{"rendered":"<p>Idealnie dopasowane obuwie, dzi\u0119ki metodzie Body Geometry, wytrzyma\u0142e, lekkie, z niesymetrycznymi, wygodnymi paskami Velcro\u00ae i podeszw\u0105, zapewniaj\u0105c\u0105 przyczepno\u015b\u0107 po zej\u015bciu z roweru.<br \/>\nPodeszwa i wk\u0142adka Body Geometry: zaprojektowane pod k\u0105tem ergonomii i poddane testom naukowym &#8211; zwi\u0119kszaj\u0105 moc i efektywno\u015b\u0107 oraz zapobiegaj\u0105 kontuzjom dzi\u0119ki optymalizacji wzajemnego u\u0142o\u017cenia biodra, kolana i stopy.<br \/>\nFormowana wtryskowo nylonowa podeszwa z gumowym bie\u017cnikiem; umiarkowanie sztywna i daj\u0105ca wy\u015bmienit\u0105 przyczepno\u015b\u0107: indeks sztywno\u015bci 6.0.<br \/>\nWytrzyma\u0142a syntetyczna sk\u00f3ra i oddychaj\u0105cy wierzch z siateczki.<br \/>\nWygoda i dopasowanie dzi\u0119ki trzem asymetrycznym paskom Velcro\u00ae.<br \/>\nStandard Fit zapewnia komfort przez ca\u0142y dzie\u0144.<br \/>\nMaksymalna efektywno\u015b\u0107 dzi\u0119ki po\u0142\u0105czeniu but\u00f3w, wk\u0142adek i podk\u0142adek Body Geometry.<br \/>\nZatrzask na dwie \u015bruby, kompatybilny z wi\u0119kszo\u015bci\u0105 peda\u0142\u00f3w MTB<\/p>\n","protected":false},"excerpt":{"rendered":"<p>Buty Sport Mtb<\/p>\n","protected":false},"featured_media":4765,"comment_status":"open","ping_status":"closed","template":"","meta":{"inline_featured_image":false},"product_cat":[120,117],"product_tag":[],"_links":{"self":[{"href":"https:\/\/amsports.pl\/index.php?rest_route=\/wp\/v2\/product\/4764"}],"collection":[{"href":"https:\/\/amsports.pl\/index.php?rest_route=\/wp\/v2\/product"}],"about":[{"href":"https:\/\/amsports.pl\/index.php?rest_route=\/wp\/v2\/types\/product"}],"replies":[{"embeddable":true,"href":"https:\/\/amsports.pl\/index.php?rest_route=%2Fwp%2Fv2%2Fcomments&post=4764"}],"wp:featuredmedia":[{"embeddable":true,"href":"https:\/\/amsports.pl\/index.php?rest_route=\/wp\/v2\/media\/4765"}],"wp:attachment":[{"href":"https:\/\/amsports.pl\/index.php?rest_route=%2Fwp%2Fv2%2Fmedia&parent=4764"}],"wp:term":[{"taxonomy":"product_cat","embeddable":true,"href":"https:\/\/amsports.pl\/index.php?rest_route=%2Fwp%2Fv2%2Fproduct_cat&post=4764"},{"taxonomy":"product_tag","embeddable":true,"href":"https:\/\/amsports.pl\/index.php?rest_route=%2Fwp%2Fv2%2Fproduct_tag&post=4764"}],"curies":[{"name":"wp","href":"https:\/\/api.w.org\/{rel}","templated":true}]}}