{"id":4768,"date":"2023-02-14T14:33:42","date_gmt":"2023-02-14T14:33:42","guid":{"rendered":"https:\/\/amsports.pl\/?post_type=product&#038;p=4768"},"modified":"2023-02-14T15:43:36","modified_gmt":"2023-02-14T15:43:36","slug":"specialized-tahoe-black","status":"publish","type":"product","link":"https:\/\/amsports.pl\/?product=specialized-tahoe-black","title":{"rendered":"SPECIALIZED TAHOE black"},"content":{"rendered":"<p>Buty g\u00f3rskie Tahoe powsta\u0142y z my\u015bl\u0105 o wytrzyma\u0142o\u015bci i niezawodno\u015bci w terenie, zw\u0142aszcza je\u017celi musisz cz\u0119sto zsiada\u0107 i prowadzi\u0107 rower. Otrzyma\u0142y podeszw\u0119 z gumy SlipNot\u2122, nie\u015blizgaj\u0105c\u0105 si\u0119 na mokrych kamieniach i korzeniach.  Aby zapewni\u0107 sztywno\u015b\u0107 w trakcie jazdy i elastyczno\u015b\u0107 po zej\u015bciu z siod\u0142a otrzyma\u0142y p\u0142ytk\u0119 wewn\u0119trzn\u0105 Lollipop\u2122, umieszczon\u0105 na warstwie wygodnej pianki EVA. Wygoda predestynuje je do codziennego u\u017cytkowania, a podeszwa Body Geometry oznacza ergonomi\u0119, komfort i efektywno\u015b\u0107.<br \/>\nPodeszwa i wk\u0142adka Body Geometry: zaprojektowane pod k\u0105tem ergonomii i poddane testom naukowym &#8211; zwi\u0119kszaj\u0105 moc i efektywno\u015b\u0107 oraz zapobiegaj\u0105 kontuzjom dzi\u0119ki optymalizacji wzajemnego u\u0142o\u017cenia biodra, kolana i stopy. Guma SlipNot\u2122 opracowana w laboratorium rozwoju opon zapewnia optymalne po\u0142\u0105czenie buta z peda\u0142em.<br \/>\nSztywna p\u0142ytka Lollipop\u2122 jest zamocowana w warstwie pianki EVA, aby zapewni\u0107 mi\u0119kkie l\u0105dowania i przyczepno\u015b\u0107 po zej\u015bciu z roweru. Opcja Relaxed Fit \u0142\u0105czy dobre czucie peda\u0142\u00f3w z wygod\u0105 chodzenia. Pasek Lacelock\u2122 zapobiega wpl\u0105taniu si\u0119 sznurowade\u0142 w tarcze korby.<br \/>\nWk\u0142adki Body Geometry to wyra\u017anie wy\u017csza efektywno\u015b\u0107 jazdy, redukcja zm\u0119czenia i mniejsze ryzyko uraz\u00f3w dzi\u0119ki u\u0142o\u017ceniu biodra, kolana i stopy w linii prostej. Palce i pi\u0119ta chronione s\u0105 przed otarciem.<\/p>\n","protected":false},"excerpt":{"rendered":"<p>Buty Tahoe<\/p>\n","protected":false},"featured_media":4771,"comment_status":"open","ping_status":"closed","template":"","meta":{"inline_featured_image":false},"product_cat":[120,117],"product_tag":[],"_links":{"self":[{"href":"https:\/\/amsports.pl\/index.php?rest_route=\/wp\/v2\/product\/4768"}],"collection":[{"href":"https:\/\/amsports.pl\/index.php?rest_route=\/wp\/v2\/product"}],"about":[{"href":"https:\/\/amsports.pl\/index.php?rest_route=\/wp\/v2\/types\/product"}],"replies":[{"embeddable":true,"href":"https:\/\/amsports.pl\/index.php?rest_route=%2Fwp%2Fv2%2Fcomments&post=4768"}],"wp:featuredmedia":[{"embeddable":true,"href":"https:\/\/amsports.pl\/index.php?rest_route=\/wp\/v2\/media\/4771"}],"wp:attachment":[{"href":"https:\/\/amsports.pl\/index.php?rest_route=%2Fwp%2Fv2%2Fmedia&parent=4768"}],"wp:term":[{"taxonomy":"product_cat","embeddable":true,"href":"https:\/\/amsports.pl\/index.php?rest_route=%2Fwp%2Fv2%2Fproduct_cat&post=4768"},{"taxonomy":"product_tag","embeddable":true,"href":"https:\/\/amsports.pl\/index.php?rest_route=%2Fwp%2Fv2%2Fproduct_tag&post=4768"}],"curies":[{"name":"wp","href":"https:\/\/api.w.org\/{rel}","templated":true}]}}