{"id":4776,"date":"2023-02-14T15:53:06","date_gmt":"2023-02-14T15:53:06","guid":{"rendered":"https:\/\/amsports.pl\/?post_type=product&#038;p=4776"},"modified":"2023-02-14T15:57:06","modified_gmt":"2023-02-14T15:57:06","slug":"specialized-riata-black","status":"publish","type":"product","link":"https:\/\/amsports.pl\/?product=specialized-riata-black","title":{"rendered":"SPECIALIZED RIATA  black"},"content":{"rendered":"<p>Wyj\u0105tkowa jako\u015b\u0107 i efektywna jazda g\u00f3rska w damskich butach z najwy\u017cszej p\u00f3\u0142ki Riata.<br \/>\nWytrzyma\u0142e, lekkie obuwie, idealnie dopasowane dzi\u0119ki Body Geometry Fit, z wygodnymi niesymetrycznymi paskami Velcro\u00ae i podeszw\u0105, kt\u00f3ra zapewnia przyczepno\u015b\u0107 po zej\u015bciu z roweru.<br \/>\nPodeszwa i wk\u0142adka Body Geometry: zaprojektowane pod k\u0105tem ergonomii i poddane testom naukowym &#8211; zwi\u0119kszaj\u0105 moc i efektywno\u015b\u0107 oraz zapobiegaj\u0105 kontuzjom dzi\u0119ki optymalizacji wzajemnego u\u0142o\u017cenia biodra, kolana i stopy.<br \/>\nDamski profil Standard Fit z nisk\u0105 cholewk\u0105 gwarantuje swobod\u0119 ruch\u00f3w kostki.<br \/>\nFormowana wtryskowo nylonowa podeszwa z gumowym bie\u017cnikiem; umiarkowanie sztywna i daj\u0105ca wy\u015bmienit\u0105 przyczepno\u015b\u0107: indeks sztywno\u015bci 6.0.<br \/>\nWygoda i dopasowanie dzi\u0119ki trzem asymetrycznym paskom Velcro\u00ae.<br \/>\nWytrzyma\u0142a sztuczna sk\u00f3ra i oddychaj\u0105cy wierzch.<br \/>\nZatrzask na dwie \u015bruby, kompatybilny z wi\u0119kszo\u015bci\u0105 peda\u0142\u00f3w MTB. <\/p>\n","protected":false},"excerpt":{"rendered":"<p>Buty Riata<\/p>\n","protected":false},"featured_media":4777,"comment_status":"open","ping_status":"closed","template":"","meta":{"inline_featured_image":false},"product_cat":[120,117],"product_tag":[],"_links":{"self":[{"href":"https:\/\/amsports.pl\/index.php?rest_route=\/wp\/v2\/product\/4776"}],"collection":[{"href":"https:\/\/amsports.pl\/index.php?rest_route=\/wp\/v2\/product"}],"about":[{"href":"https:\/\/amsports.pl\/index.php?rest_route=\/wp\/v2\/types\/product"}],"replies":[{"embeddable":true,"href":"https:\/\/amsports.pl\/index.php?rest_route=%2Fwp%2Fv2%2Fcomments&post=4776"}],"wp:featuredmedia":[{"embeddable":true,"href":"https:\/\/amsports.pl\/index.php?rest_route=\/wp\/v2\/media\/4777"}],"wp:attachment":[{"href":"https:\/\/amsports.pl\/index.php?rest_route=%2Fwp%2Fv2%2Fmedia&parent=4776"}],"wp:term":[{"taxonomy":"product_cat","embeddable":true,"href":"https:\/\/amsports.pl\/index.php?rest_route=%2Fwp%2Fv2%2Fproduct_cat&post=4776"},{"taxonomy":"product_tag","embeddable":true,"href":"https:\/\/amsports.pl\/index.php?rest_route=%2Fwp%2Fv2%2Fproduct_tag&post=4776"}],"curies":[{"name":"wp","href":"https:\/\/api.w.org\/{rel}","templated":true}]}}