{"id":4780,"date":"2023-02-14T16:01:13","date_gmt":"2023-02-14T16:01:13","guid":{"rendered":"https:\/\/amsports.pl\/?post_type=product&#038;p=4780"},"modified":"2023-02-14T16:05:06","modified_gmt":"2023-02-14T16:05:06","slug":"specialized-elite-road-black","status":"publish","type":"product","link":"https:\/\/amsports.pl\/?product=specialized-elite-road-black","title":{"rendered":"SPECIALIZED ELITE ROAD  black"},"content":{"rendered":"<p>Zaprojektowane do codziennych dojazd\u00f3w i wymagaj\u0105cych wy\u015bcig\u00f3w ulicznych buty Elite Road s\u0105 bezpieczne, dzi\u0119ki elementom odblaskowym po ca\u0142ym obwodzie, wygodne za spraw\u0105 technologii Body Geometry, natomiast zapi\u0119cie na klamr\u0119 oznacza \u015bwietne dopasowanie.<br \/>\nPodeszwa i wk\u0142adka Body Geometry: zaprojektowane pod k\u0105tem ergonomii i poddane testom naukowym &#8211; zwi\u0119kszaj\u0105 moc i efektywno\u015b\u0107 oraz zapobiegaj\u0105 kontuzjom dzi\u0119ki optymalizacji wzajemnego u\u0142o\u017cenia biodra, kolana i stopy.<br \/>\nFormowana wtryskowo kompozytowa podeszwa z nylonu &#8211; umiarkowanie sztywna i lekka: indeks sztywno\u015bci 6.0.<br \/>\nElementy odblaskowe na pi\u0119cie, paskach i siateczce zapewniaj\u0105 widoczno\u015b\u0107.<br \/>\nBezpieczne zapi\u0119cie z klamr\u0105 i paskiem zewn\u0119trznym.<br \/>\nSyntetyczny wierzch z siateczk\u0105 i nier\u00f3wnoleg\u0142ymi paskami oznacza perfekcyjne dopasowanie.<br \/>\nZatrzask na trzy \u015bruby, kompatybilny z wi\u0119kszo\u015bci\u0105 peda\u0142\u00f3w szosowych.<\/p>\n","protected":false},"excerpt":{"rendered":"<p>Buty Elite Road<\/p>\n","protected":false},"featured_media":4781,"comment_status":"open","ping_status":"closed","template":"","meta":{"inline_featured_image":false},"product_cat":[120,117],"product_tag":[],"_links":{"self":[{"href":"https:\/\/amsports.pl\/index.php?rest_route=\/wp\/v2\/product\/4780"}],"collection":[{"href":"https:\/\/amsports.pl\/index.php?rest_route=\/wp\/v2\/product"}],"about":[{"href":"https:\/\/amsports.pl\/index.php?rest_route=\/wp\/v2\/types\/product"}],"replies":[{"embeddable":true,"href":"https:\/\/amsports.pl\/index.php?rest_route=%2Fwp%2Fv2%2Fcomments&post=4780"}],"wp:featuredmedia":[{"embeddable":true,"href":"https:\/\/amsports.pl\/index.php?rest_route=\/wp\/v2\/media\/4781"}],"wp:attachment":[{"href":"https:\/\/amsports.pl\/index.php?rest_route=%2Fwp%2Fv2%2Fmedia&parent=4780"}],"wp:term":[{"taxonomy":"product_cat","embeddable":true,"href":"https:\/\/amsports.pl\/index.php?rest_route=%2Fwp%2Fv2%2Fproduct_cat&post=4780"},{"taxonomy":"product_tag","embeddable":true,"href":"https:\/\/amsports.pl\/index.php?rest_route=%2Fwp%2Fv2%2Fproduct_tag&post=4780"}],"curies":[{"name":"wp","href":"https:\/\/api.w.org\/{rel}","templated":true}]}}