{"id":4792,"date":"2023-02-14T16:30:37","date_gmt":"2023-02-14T16:30:37","guid":{"rendered":"https:\/\/amsports.pl\/?post_type=product&#038;p=4792"},"modified":"2024-07-24T10:44:59","modified_gmt":"2024-07-24T10:44:59","slug":"ok-baby-10-czarny","status":"publish","type":"product","link":"https:\/\/amsports.pl\/?product=ok-baby-10-czarny","title":{"rendered":"OK BABY 10+  czarny"},"content":{"rendered":"<p>Dopracowany w szczeg\u00f3\u0142ach fotelik z najwy\u017cszej p\u00f3\u0142ki. Siedmiostopniowy system pochylania fotelika (max 15\u00b0) pozwala dobra\u0107 optymaln\u0105 pozycj\u0119 i w razie potrzeby umo\u017cliwia dziecku sen. Dzi\u0119ki praktycznemu uchwytowi pochylenia mo\u017cna dokona\u0107 bez wyjmowania ma\u0142ego pasa\u017cera, tak\u017ce w trakcie jazdy. Pochylenie fotelika nie zmienia jego \u015brodka ci\u0119\u017cko\u015bci i dzi\u0119ki temu nie wp\u0142ywa negatywnie na prowadzenie roweru. Skorupa wykonana z dw\u00f3ch rodzaj\u00f3w kompozytu zapewnia pe\u0142ne bezpiecze\u0144stwo oraz wygod\u0119. Uchwyty na r\u0119ce pomagaj\u0105 dziecku utrzyma\u0107 r\u00f3wnowag\u0119 i zwi\u0119kszaj\u0105 poczucie pewno\u015bci siebie. O\u015bmiostopniowa regulacja w poziomie pozwala na dobranie optymalnego po\u0142o\u017cenia wzgl\u0119dem siode\u0142ka roweru. Wysoka wy\u015bci\u00f3\u0142ka doskonale t\u0142umi ma\u0142e drgania oraz zapewnia komfort termiczny, zar\u00f3wno w ch\u0142odne jak i gor\u0105ce dni. Wy\u015bci\u00f3\u0142ka wykonana jest z materia\u0142u nie nasi\u0105kaj\u0105cego wod\u0105. Trzypunktowe, regulowane pasy bezpiecze\u0144stwa zamykane bezpieczn\u0105 klamr\u0105, kt\u00f3rej dziecko nie mo\u017ce samo otworzy\u0107. Sze\u015bciostopniowa regulacja podn\u00f3\u017ck\u00f3w pozwala na idealne dopasowanie do d\u0142ugo\u015bci n\u00f3g dziecka. Ich konstrukcja ca\u0142kowicie eliminuje mo\u017cliwo\u015b\u0107 wkr\u0119cenia stopy pasa\u017cera w szprychy ko\u0142a. Z ty\u0142u oparcia znajduje si\u0119 element odblaskowy znacznie zwi\u0119kszaj\u0105cy bezpiecze\u0144stwo na drodze. Wyrafinowane technicznie mocowanie automatycznie dopasowuje si\u0119 do \u015brednicy rury (w zakresie od 28 do 40 mm). Jest kompatybilne z rurami o owalnym przekroju oraz z g\u00f3rnym lub dolnym prowadzeniem linki od przedniej przerzutki. Bezpieczne wpi\u0119cie pr\u0119t\u00f3w mocuj\u0105cych fotelik &#8211; s\u0142yszalne &#8222;klikni\u0119cie&#8221;. Warunkiem niezb\u0119dnym do korzystania przez dziecko z fotelika jest umiej\u0119tno\u015b\u0107 samodzielnego siedzenia bez podparcia.<\/p>\n<p>Zapi\u0119cie zosta\u0142o ca\u0142kowicie zaprojektowane od nowa. Kompaktowy design &#8211; 109x94x78mm &#8211; pozwala na bardzo \u0142atwy monta\u017c nawet na ramach z ograniczonym miejscem dost\u0119pu. Regulowana obejma daje mo\u017cliwo\u015b\u0107 dopasowania do r\u00f3\u017cnych \u015brednic ramy.Dodatkowym atutem jest umiejscowienie \u015brub od strony kierownicy, a nie od strony ko\u0142a, dzi\u0119ki czemu swobodniej i solidniej mo\u017cna dokr\u0119ci\u0107 zapi\u0119cie. W ramach bezpiecze\u0144stwa zapi\u0119cie zosta\u0142o wyposa\u017cone w zamek blokuj\u0105cy, otwierany za pomoc\u0105 kluczyka.<\/p>\n<p>Fotelik przeznaczony jest dla dzieci o maksymalnej wadze 22 kg.<br \/>\nD\u0142ugo\u015b\u0107 oparcia: 46cm.<br \/>\nD\u0142ugo\u015b\u0107 podn\u00f3\u017ck\u00f3w: 23cm.<br \/>\nMaksymalne odchylenie fotelika: 15\u00b0<\/p>\n","protected":false},"excerpt":{"rendered":"<p>Fotelik dzieci\u0119cy OKBABY 10+ NEW<\/p>\n","protected":false},"featured_media":4794,"comment_status":"open","ping_status":"closed","template":"","meta":{"inline_featured_image":false},"product_cat":[132,117],"product_tag":[],"_links":{"self":[{"href":"https:\/\/amsports.pl\/index.php?rest_route=\/wp\/v2\/product\/4792"}],"collection":[{"href":"https:\/\/amsports.pl\/index.php?rest_route=\/wp\/v2\/product"}],"about":[{"href":"https:\/\/amsports.pl\/index.php?rest_route=\/wp\/v2\/types\/product"}],"replies":[{"embeddable":true,"href":"https:\/\/amsports.pl\/index.php?rest_route=%2Fwp%2Fv2%2Fcomments&post=4792"}],"wp:featuredmedia":[{"embeddable":true,"href":"https:\/\/amsports.pl\/index.php?rest_route=\/wp\/v2\/media\/4794"}],"wp:attachment":[{"href":"https:\/\/amsports.pl\/index.php?rest_route=%2Fwp%2Fv2%2Fmedia&parent=4792"}],"wp:term":[{"taxonomy":"product_cat","embeddable":true,"href":"https:\/\/amsports.pl\/index.php?rest_route=%2Fwp%2Fv2%2Fproduct_cat&post=4792"},{"taxonomy":"product_tag","embeddable":true,"href":"https:\/\/amsports.pl\/index.php?rest_route=%2Fwp%2Fv2%2Fproduct_tag&post=4792"}],"curies":[{"name":"wp","href":"https:\/\/api.w.org\/{rel}","templated":true}]}}