{"id":4806,"date":"2023-02-14T17:04:27","date_gmt":"2023-02-14T17:04:27","guid":{"rendered":"https:\/\/amsports.pl\/?post_type=product&#038;p=4806"},"modified":"2023-02-14T17:06:57","modified_gmt":"2023-02-14T17:06:57","slug":"giant-axact-6","status":"publish","type":"product","link":"https:\/\/amsports.pl\/?product=giant-axact-6","title":{"rendered":"GIANT AXACT 6"},"content":{"rendered":"<p>6 funkcyjny, przewodowy licznik rowerowy &#8211; m.in.: pr\u0119dko\u015b\u0107 chwilowa, dystans, dystans ca\u0142kowity, zegarek\u0141atwo zdejmowana monet\u0105 pokrywa baterii<br \/>\nProsty wska\u017anik roz\u0142adowania baterii<br \/>\nAutomatyczne uruchamianie\/zatrzymywanie\/u\u015bpienie<br \/>\nObliczanie spalonych kalorii<\/p>\n","protected":false},"excerpt":{"rendered":"<p>Giant Axact 6 to elegancki 6 funkcyjny licznik rowerowy z funkcjami takimi jak spalone kalorie, aktualna pr\u0119dko\u015b\u0107 i przejechany dystans.<\/p>\n","protected":false},"featured_media":4808,"comment_status":"open","ping_status":"closed","template":"","meta":{"inline_featured_image":false},"product_cat":[122,117],"product_tag":[],"_links":{"self":[{"href":"https:\/\/amsports.pl\/index.php?rest_route=\/wp\/v2\/product\/4806"}],"collection":[{"href":"https:\/\/amsports.pl\/index.php?rest_route=\/wp\/v2\/product"}],"about":[{"href":"https:\/\/amsports.pl\/index.php?rest_route=\/wp\/v2\/types\/product"}],"replies":[{"embeddable":true,"href":"https:\/\/amsports.pl\/index.php?rest_route=%2Fwp%2Fv2%2Fcomments&post=4806"}],"wp:featuredmedia":[{"embeddable":true,"href":"https:\/\/amsports.pl\/index.php?rest_route=\/wp\/v2\/media\/4808"}],"wp:attachment":[{"href":"https:\/\/amsports.pl\/index.php?rest_route=%2Fwp%2Fv2%2Fmedia&parent=4806"}],"wp:term":[{"taxonomy":"product_cat","embeddable":true,"href":"https:\/\/amsports.pl\/index.php?rest_route=%2Fwp%2Fv2%2Fproduct_cat&post=4806"},{"taxonomy":"product_tag","embeddable":true,"href":"https:\/\/amsports.pl\/index.php?rest_route=%2Fwp%2Fv2%2Fproduct_tag&post=4806"}],"curies":[{"name":"wp","href":"https:\/\/api.w.org\/{rel}","templated":true}]}}