{"id":4823,"date":"2023-02-15T10:39:31","date_gmt":"2023-02-15T10:39:31","guid":{"rendered":"https:\/\/amsports.pl\/?post_type=product&#038;p=4823"},"modified":"2024-07-24T10:39:59","modified_gmt":"2024-07-24T10:39:59","slug":"giant-tough-2","status":"publish","type":"product","link":"https:\/\/amsports.pl\/?product=giant-tough-2","title":{"rendered":"GIANT TOUGH 2"},"content":{"rendered":"<p>Nowy design<br \/>\nWymiary: 1,8x110cm<br \/>\nWykonana ze skr\u0119conej stalowej linki w ruchomym pancerzu z utwardzanej stali<br \/>\nBardzo mocna, wyj\u0105tkowo gi\u0119tka, samoskr\u0119caj\u0105ca si\u0119 blokada ze zintegrowanym zamkiem<br \/>\nTrwa\u0142a, winylowa os\u0142ona chroni\u0105ca rower przed zadrapaniami<br \/>\n3 mocne i trwa\u0142e, wycinane laserem kluczyki (ponad 30.000 kombinacji)<br \/>\nMechanizm zamka znakomicie zabezpieczony przed rozwierceniem lub otwarciem za pomoc\u0105 wytrychu<\/p>\n","protected":false},"excerpt":{"rendered":"<p>Giant Tough 2 to bardzo mocna, wyj\u0105tkowo gi\u0119tka, samoskr\u0119caj\u0105ca si\u0119 blokada ze zintegrowanym zamkiem.<\/p>\n","protected":false},"featured_media":4824,"comment_status":"open","ping_status":"closed","template":"","meta":{"inline_featured_image":false},"product_cat":[123,117],"product_tag":[],"_links":{"self":[{"href":"https:\/\/amsports.pl\/index.php?rest_route=\/wp\/v2\/product\/4823"}],"collection":[{"href":"https:\/\/amsports.pl\/index.php?rest_route=\/wp\/v2\/product"}],"about":[{"href":"https:\/\/amsports.pl\/index.php?rest_route=\/wp\/v2\/types\/product"}],"replies":[{"embeddable":true,"href":"https:\/\/amsports.pl\/index.php?rest_route=%2Fwp%2Fv2%2Fcomments&post=4823"}],"wp:featuredmedia":[{"embeddable":true,"href":"https:\/\/amsports.pl\/index.php?rest_route=\/wp\/v2\/media\/4824"}],"wp:attachment":[{"href":"https:\/\/amsports.pl\/index.php?rest_route=%2Fwp%2Fv2%2Fmedia&parent=4823"}],"wp:term":[{"taxonomy":"product_cat","embeddable":true,"href":"https:\/\/amsports.pl\/index.php?rest_route=%2Fwp%2Fv2%2Fproduct_cat&post=4823"},{"taxonomy":"product_tag","embeddable":true,"href":"https:\/\/amsports.pl\/index.php?rest_route=%2Fwp%2Fv2%2Fproduct_tag&post=4823"}],"curies":[{"name":"wp","href":"https:\/\/api.w.org\/{rel}","templated":true}]}}