{"id":4929,"date":"2023-03-07T13:55:12","date_gmt":"2023-03-07T13:55:12","guid":{"rendered":"https:\/\/amsports.pl\/?post_type=product&#038;p=4929"},"modified":"2025-06-12T11:34:49","modified_gmt":"2025-06-12T11:34:49","slug":"mongoose-legion-l20-green","status":"publish","type":"product","link":"https:\/\/amsports.pl\/?product=mongoose-legion-l20-green","title":{"rendered":"MONGOOSE LEGION L20 green"},"content":{"rendered":"<p>MONGOOSE LEGION L20 to rower ameryka\u0144skiej marki z wieloletnim do\u015bwiadczeniem i ugruntowanej pozycji na rynku. Stalowa, starannie wykonana rama, cechuj\u0105ca si\u0119 du\u017c\u0105 wytrzyma\u0142o\u015bci\u0105 pozwala cieszy\u0107 si\u0119 rowerem przez d\u0142ugi czas. Stalowa konstrukcja zdecydowanie lepiej poch\u0142ania drgania ni\u017c aluminiowe odpowiedniki. Idealnie zaprojektowana geometria pozwala na pe\u0142ne wykorzystanie mo\u017cliwo\u015bci roweru, nie m\u0119cz\u0105c ani nie obci\u0105\u017caj\u0105c u\u017cytkownika.\u00a0 Wysokiej jako\u015bci komponenty u\u017cyte do stworzenia tego modelu sprawiaj\u0105, \u017ce czujemy kontrol\u0119 nad sprz\u0119tem co jest jednym z najwa\u017cniejszych element\u00f3w sukcesu przy je\u017adzie ekstremalnej \/ wyczynowej.<br \/>\nDo roweru do\u0142\u0105czone s\u0105 nylonowe peda\u0142y, zaprojektowane z my\u015bl\u0105\u00a0o modalach\u00a0BMX. Tylny hamulec typu U-brake.<\/p>\n","protected":false},"excerpt":{"rendered":"<p>Wraz z seri\u0105 Legion Mongoose oferuje pe\u0142n\u0105 lini\u0119 freestyle&#8217;owych rower\u00f3w BMX dla rowerzyst\u00f3w w ka\u017cdym wieku i na ka\u017cdym poziomie umiej\u0119tno\u015bci.<\/p>\n","protected":false},"featured_media":4930,"comment_status":"open","ping_status":"closed","template":"","meta":{"inline_featured_image":false},"product_cat":[82],"product_tag":[],"_links":{"self":[{"href":"https:\/\/amsports.pl\/index.php?rest_route=\/wp\/v2\/product\/4929"}],"collection":[{"href":"https:\/\/amsports.pl\/index.php?rest_route=\/wp\/v2\/product"}],"about":[{"href":"https:\/\/amsports.pl\/index.php?rest_route=\/wp\/v2\/types\/product"}],"replies":[{"embeddable":true,"href":"https:\/\/amsports.pl\/index.php?rest_route=%2Fwp%2Fv2%2Fcomments&post=4929"}],"wp:featuredmedia":[{"embeddable":true,"href":"https:\/\/amsports.pl\/index.php?rest_route=\/wp\/v2\/media\/4930"}],"wp:attachment":[{"href":"https:\/\/amsports.pl\/index.php?rest_route=%2Fwp%2Fv2%2Fmedia&parent=4929"}],"wp:term":[{"taxonomy":"product_cat","embeddable":true,"href":"https:\/\/amsports.pl\/index.php?rest_route=%2Fwp%2Fv2%2Fproduct_cat&post=4929"},{"taxonomy":"product_tag","embeddable":true,"href":"https:\/\/amsports.pl\/index.php?rest_route=%2Fwp%2Fv2%2Fproduct_tag&post=4929"}],"curies":[{"name":"wp","href":"https:\/\/api.w.org\/{rel}","templated":true}]}}